{"id":69,"date":"2025-07-09T10:49:12","date_gmt":"2025-07-09T08:49:12","guid":{"rendered":"https:\/\/shop.abs-absturzsicherung.ch\/?page_id=69"},"modified":"2025-07-11T08:52:22","modified_gmt":"2025-07-11T06:52:22","slug":"ueber-uns","status":"publish","type":"page","link":"https:\/\/shop.abs-absturzsicherung.ch\/fr\/ueber-uns\/","title":{"rendered":"Informez-vous sur ABS Safety"},"content":{"rendered":"<h1 class=\"wp-block-heading\">\u00c0 propos de nous<\/h1>\n\n\n\n<div class=\"wp-block-group\"><div class=\"wp-block-group__inner-container is-layout-constrained wp-block-group-is-layout-constrained\">\n<h2 class=\"wp-block-heading\">ABS Absturzsicherung AG : Toujours au top !<\/h2>\n\n\n<div class=\"wp-block-image\">\n<figure class=\"alignright size-full is-resized\"><img loading=\"lazy\" decoding=\"async\" width=\"2560\" height=\"1760\" src=\"https:\/\/shop.abs-absturzsicherung.ch\/wp-content\/uploads\/2025\/07\/abs_absturzsicherung_ch_de_homepage-scaled.jpg\" alt=\"\" class=\"wp-image-70\" style=\"width:400px\" srcset=\"https:\/\/shop.abs-absturzsicherung.ch\/wp-content\/uploads\/2025\/07\/abs_absturzsicherung_ch_de_homepage-scaled.jpg 2560w, https:\/\/shop.abs-absturzsicherung.ch\/wp-content\/uploads\/2025\/07\/abs_absturzsicherung_ch_de_homepage-scaled-324x223.jpg 324w, https:\/\/shop.abs-absturzsicherung.ch\/wp-content\/uploads\/2025\/07\/abs_absturzsicherung_ch_de_homepage-scaled-416x286.jpg 416w, https:\/\/shop.abs-absturzsicherung.ch\/wp-content\/uploads\/2025\/07\/abs_absturzsicherung_ch_de_homepage-300x206.jpg 300w, https:\/\/shop.abs-absturzsicherung.ch\/wp-content\/uploads\/2025\/07\/abs_absturzsicherung_ch_de_homepage-1024x704.jpg 1024w, https:\/\/shop.abs-absturzsicherung.ch\/wp-content\/uploads\/2025\/07\/abs_absturzsicherung_ch_de_homepage-768x528.jpg 768w, https:\/\/shop.abs-absturzsicherung.ch\/wp-content\/uploads\/2025\/07\/abs_absturzsicherung_ch_de_homepage-1536x1056.jpg 1536w, https:\/\/shop.abs-absturzsicherung.ch\/wp-content\/uploads\/2025\/07\/abs_absturzsicherung_ch_de_homepage-2048x1408.jpg 2048w\" sizes=\"auto, (max-width: 2560px) 100vw, 2560px\" \/><figcaption class=\"wp-element-caption\">ABS Absturzsicherung AG, le partenaire officiel de distribution et de service d'ABS Safety en Suisse.<\/figcaption><\/figure>\n<\/div>\n\n\n<p>Les produits de protection antichute de la marque ABS sont devenus incontournables sur le march\u00e9 suisse. L'histoire des produits innovants et faciles \u00e0 utiliser du fabricant allemand ABS Safety GmbH a commenc\u00e9 en 2003 dans la cave familiale d'Ingrid et Ludwig Beckers. Gr\u00e2ce \u00e0 l'esprit d'invention de la famille Beckers, leur propre cave est rapidement devenue trop \u00e9troite. En 2006, l'entreprise a d\u00e9m\u00e9nag\u00e9 sur le site actuel de Kevelaer.<\/p>\n\n\n\n<p>Depuis le 1er avril 2021, les produits BAS sont commercialis\u00e9s en Suisse sous le nom de soci\u00e9t\u00e9&nbsp;<strong>ABS Absturzsicherung AG&nbsp;<\/strong>ont \u00e9t\u00e9 vendues. Avec ABS Safety GmbH et ABS Absturzsicherung AG, ce sont deux entreprises familiales traditionnelles qui se sont cherch\u00e9es et trouv\u00e9es. L'engagement et le savoir-faire des deux c\u00f4t\u00e9s offrent \u00e0 nos clients et partenaires un soutien direct et comp\u00e9tent pour toutes les questions relatives \u00e0 la s\u00e9curit\u00e9 en hauteur.<\/p>\n\n\n\n<p>Outre les&nbsp;<a href=\"https:\/\/abs-absturzsicherung.ch\/de\/produkte\/\" target=\"_blank\" rel=\"noreferrer noopener\">Produits et syst\u00e8mes ABS&nbsp;<\/a>l'accent est mis sur les d\u00e9veloppements propres - \u00e9galement dans le domaine de l'artisanat 4.0 :&nbsp;<a href=\"https:\/\/abs-absturzsicherung.ch\/de\/montage-wartung\/digital-dokumentieren-mit-lock-book-docu\/\" target=\"_blank\" rel=\"noreferrer noopener\">Document de verrouillage&nbsp;<\/a>et&nbsp;<a href=\"https:\/\/abs-absturzsicherung.ch\/de\/planung\/absturzsicherung-planen-mit-lock-book-draw\/\" target=\"_blank\" rel=\"noreferrer noopener\">Lock Book Draw&nbsp;<\/a>sont des assistants num\u00e9riques pour le toit. La planification, le montage, la documentation et le contr\u00f4le des syst\u00e8mes de s\u00e9curit\u00e9 sont ainsi simplifi\u00e9s et num\u00e9ris\u00e9s.<\/p>\n\n\n\n<p>Dans les domaines du commerce,&nbsp;<a href=\"https:\/\/abs-absturzsicherung.ch\/de\/schulungen\/\" target=\"_blank\" rel=\"noreferrer noopener\">Formation&nbsp;<\/a>,&nbsp;<a href=\"https:\/\/abs-absturzsicherung.ch\/de\/montage-wartung\/\" target=\"_blank\" rel=\"noreferrer noopener\">Entretien et montage&nbsp;<\/a>nous travaillons avec diff\u00e9rents partenaires. Ils compl\u00e8tent notre assortiment et nos services de mani\u00e8re optimale.<\/p>\n<\/div><\/div>\n\n\n\n<div class=\"wp-block-group custom-page--content\"><div class=\"wp-block-group__inner-container is-layout-constrained wp-block-group-is-layout-constrained\">\n<h2 class=\"wp-block-heading\">Production dans le Bas-Rhin<\/h2>\n\n\n<div class=\"wp-block-image\">\n<figure class=\"alignright size-full is-resized\"><img loading=\"lazy\" decoding=\"async\" width=\"1050\" height=\"650\" src=\"https:\/\/shop.abs-absturzsicherung.ch\/wp-content\/uploads\/2025\/07\/luftbild-abs-safety-gewerbering-11-kevelaer.jpg\" alt=\"\" class=\"wp-image-71\" style=\"width:400px\" srcset=\"https:\/\/shop.abs-absturzsicherung.ch\/wp-content\/uploads\/2025\/07\/luftbild-abs-safety-gewerbering-11-kevelaer.jpg 1050w, https:\/\/shop.abs-absturzsicherung.ch\/wp-content\/uploads\/2025\/07\/luftbild-abs-safety-gewerbering-11-kevelaer-324x201.jpg 324w, https:\/\/shop.abs-absturzsicherung.ch\/wp-content\/uploads\/2025\/07\/luftbild-abs-safety-gewerbering-11-kevelaer-416x258.jpg 416w, https:\/\/shop.abs-absturzsicherung.ch\/wp-content\/uploads\/2025\/07\/luftbild-abs-safety-gewerbering-11-kevelaer-300x186.jpg 300w, https:\/\/shop.abs-absturzsicherung.ch\/wp-content\/uploads\/2025\/07\/luftbild-abs-safety-gewerbering-11-kevelaer-1024x634.jpg 1024w, https:\/\/shop.abs-absturzsicherung.ch\/wp-content\/uploads\/2025\/07\/luftbild-abs-safety-gewerbering-11-kevelaer-768x475.jpg 768w\" sizes=\"auto, (max-width: 1050px) 100vw, 1050px\" \/><figcaption class=\"wp-element-caption\">ABS Safety au Gewerbering 11 (production)<br>DE-47623 Kevelaer<\/figcaption><\/figure>\n<\/div>\n\n\n<p>Les syst\u00e8mes de protection antichute ABS sont d\u00e9velopp\u00e9s et produits par ABS Safety GmbH. Pour plus d'informations sur ABS Safety GmbH, voir&nbsp;<a href=\"https:\/\/www.absturzsicherung.de\/unternehmen.html\" target=\"_blank\" rel=\"noreferrer noopener\">ici&nbsp;<\/a>.<\/p>\n<\/div><\/div>\n\n\n\n<p><\/p>","protected":false},"excerpt":{"rendered":"<p>\u00dcber uns ABS Absturzsicherung AG: Always on Top! Absturzsicherungsprodukte der Marke ABS sind aus dem Schweizer Markt nicht mehr wegzudenken. Die Geschichte der innovativen und anwenderfreundlichen Produkte des deutschen Herstellers ABS Safety GmbH begann 2003 im heimischen Keller von Ingrid und Ludwig Beckers. Dem Erfindergeist der Familie Beckers ist es zu verdanken, dass der eigene [&hellip;]<\/p>\n","protected":false},"author":1,"featured_media":0,"parent":0,"menu_order":0,"comment_status":"closed","ping_status":"closed","template":"page-custom-content.php","meta":{"footnotes":""},"class_list":["post-69","page","type-page","status-publish","hentry"],"_links":{"self":[{"href":"https:\/\/shop.abs-absturzsicherung.ch\/fr\/wp-json\/wp\/v2\/pages\/69","targetHints":{"allow":["GET"]}}],"collection":[{"href":"https:\/\/shop.abs-absturzsicherung.ch\/fr\/wp-json\/wp\/v2\/pages"}],"about":[{"href":"https:\/\/shop.abs-absturzsicherung.ch\/fr\/wp-json\/wp\/v2\/types\/page"}],"author":[{"embeddable":true,"href":"https:\/\/shop.abs-absturzsicherung.ch\/fr\/wp-json\/wp\/v2\/users\/1"}],"replies":[{"embeddable":true,"href":"https:\/\/shop.abs-absturzsicherung.ch\/fr\/wp-json\/wp\/v2\/comments?post=69"}],"version-history":[{"count":5,"href":"https:\/\/shop.abs-absturzsicherung.ch\/fr\/wp-json\/wp\/v2\/pages\/69\/revisions"}],"predecessor-version":[{"id":111,"href":"https:\/\/shop.abs-absturzsicherung.ch\/fr\/wp-json\/wp\/v2\/pages\/69\/revisions\/111"}],"wp:attachment":[{"href":"https:\/\/shop.abs-absturzsicherung.ch\/fr\/wp-json\/wp\/v2\/media?parent=69"}],"curies":[{"name":"wp","href":"https:\/\/api.w.org\/{rel}","templated":true}]}}