{"id":77,"date":"2025-07-09T10:54:14","date_gmt":"2025-07-09T08:54:14","guid":{"rendered":"https:\/\/shop.abs-absturzsicherung.ch\/?page_id=77"},"modified":"2025-07-14T14:24:14","modified_gmt":"2025-07-14T12:24:14","slug":"lieferung-versandkosten","status":"publish","type":"page","link":"https:\/\/shop.abs-absturzsicherung.ch\/fr\/lieferung-versandkosten\/","title":{"rendered":"Livraison &amp; frais de port"},"content":{"rendered":"<h1 class=\"wp-block-heading\">Livraison &amp; frais de port<\/h1>\n\n\n\n<div class=\"wp-block-group\"><div class=\"wp-block-group__inner-container is-layout-constrained wp-block-group-is-layout-constrained\">\n<p><strong>Livraison<\/strong><\/p>\n\n\n\n<p>La livraison s'effectue uniquement en Suisse. Nous exp\u00e9dions avec Planzer ou avec DPD. Un syst\u00e8me de feux de signalisation informe de la disponibilit\u00e9 des articles propos\u00e9s. Sauf indication contraire dans la description du produit, les articles disponibles sont pr\u00eats \u00e0 \u00eatre exp\u00e9di\u00e9s imm\u00e9diatement et livr\u00e9s dans un d\u00e9lai de deux jours ouvrables.<\/p>\n\n\n\n<p><strong>Frais d'exp\u00e9dition<\/strong><\/p>\n\n\n\n<p>Les frais de livraison sont calcul\u00e9s individuellement et sont indiqu\u00e9s dans le panier, dans les offres et dans les confirmations de commande.<\/p>\n<\/div><\/div>\n\n\n\n<p><\/p>","protected":false},"excerpt":{"rendered":"<p>Lieferung &amp; Versandkosten Lieferung Die Lieferung erfolgt nur innerhalb der Schweiz. Wir versenden mit Planzer oder mit DPD. Ein Ampelsystem informiert \u00fcber die Verf\u00fcgbarkeit der angebotenen Artikel. Sofern nicht in der Produktbeschreibung anders angegeben, sind die verf\u00fcgbaren Artikel sofort versandfertig und werden innerhalb von zwei Werktagen geliefert. Versandkosten Die Versandkosten werden individuell berechnet und werden [&hellip;]<\/p>\n","protected":false},"author":1,"featured_media":0,"parent":0,"menu_order":0,"comment_status":"closed","ping_status":"closed","template":"page-custom-content.php","meta":{"footnotes":""},"class_list":["post-77","page","type-page","status-publish","hentry"],"_links":{"self":[{"href":"https:\/\/shop.abs-absturzsicherung.ch\/fr\/wp-json\/wp\/v2\/pages\/77","targetHints":{"allow":["GET"]}}],"collection":[{"href":"https:\/\/shop.abs-absturzsicherung.ch\/fr\/wp-json\/wp\/v2\/pages"}],"about":[{"href":"https:\/\/shop.abs-absturzsicherung.ch\/fr\/wp-json\/wp\/v2\/types\/page"}],"author":[{"embeddable":true,"href":"https:\/\/shop.abs-absturzsicherung.ch\/fr\/wp-json\/wp\/v2\/users\/1"}],"replies":[{"embeddable":true,"href":"https:\/\/shop.abs-absturzsicherung.ch\/fr\/wp-json\/wp\/v2\/comments?post=77"}],"version-history":[{"count":2,"href":"https:\/\/shop.abs-absturzsicherung.ch\/fr\/wp-json\/wp\/v2\/pages\/77\/revisions"}],"predecessor-version":[{"id":2753,"href":"https:\/\/shop.abs-absturzsicherung.ch\/fr\/wp-json\/wp\/v2\/pages\/77\/revisions\/2753"}],"wp:attachment":[{"href":"https:\/\/shop.abs-absturzsicherung.ch\/fr\/wp-json\/wp\/v2\/media?parent=77"}],"curies":[{"name":"wp","href":"https:\/\/api.w.org\/{rel}","templated":true}]}}