{"id":80,"date":"2025-07-09T10:55:48","date_gmt":"2025-07-09T08:55:48","guid":{"rendered":"https:\/\/shop.abs-absturzsicherung.ch\/?page_id=80"},"modified":"2025-07-14T14:25:42","modified_gmt":"2025-07-14T12:25:42","slug":"zahlungsarten","status":"publish","type":"page","link":"https:\/\/shop.abs-absturzsicherung.ch\/fr\/zahlungsarten\/","title":{"rendered":"Modes de paiement"},"content":{"rendered":"<h1 class=\"wp-block-heading\">Modes de paiement<\/h1>\n\n\n\n<div class=\"wp-block-group\"><div class=\"wp-block-group__inner-container is-layout-constrained wp-block-group-is-layout-constrained\">\n<p>Dans notre boutique, vous ne pouvez commander qu'en tant que client enregistr\u00e9. Pour cela, il vous suffit de vous inscrire dans le&nbsp;<a href=\"\/fr\/mein-konto\/\">Zone de connexion&nbsp;<\/a>s'inscrire.<\/p>\n\n\n\n<p>Les modes de paiement suivants sont \u00e0 votre disposition :<\/p>\n\n\n\n<h2 class=\"wp-block-heading\">Facture<\/h2>\n\n\n\n<p>Sur rendez-vous<\/p>\n\n\n\n<h2 class=\"wp-block-heading\">Paiement anticip\u00e9<\/h2>\n\n\n\n<p>Sur rendez-vous<\/p>\n<\/div><\/div>\n\n\n\n<p><\/p>","protected":false},"excerpt":{"rendered":"<p>Zahlungsarten In unserem Shop k\u00f6nnen Sie ausschliesslich als registrierter Kunde bestellen. Dazu k\u00f6nnen Sie sich ganz einfach im&nbsp;Login-Bereich&nbsp;registrieren. Es stehen Ihnen folgende Zahlungsarten zur Verf\u00fcgung: Rechnung Nach Vereinbarung Vorauszahlung Nach Vereinbarung<\/p>","protected":false},"author":1,"featured_media":0,"parent":0,"menu_order":0,"comment_status":"closed","ping_status":"closed","template":"page-custom-content.php","meta":{"footnotes":""},"class_list":["post-80","page","type-page","status-publish","hentry"],"_links":{"self":[{"href":"https:\/\/shop.abs-absturzsicherung.ch\/fr\/wp-json\/wp\/v2\/pages\/80","targetHints":{"allow":["GET"]}}],"collection":[{"href":"https:\/\/shop.abs-absturzsicherung.ch\/fr\/wp-json\/wp\/v2\/pages"}],"about":[{"href":"https:\/\/shop.abs-absturzsicherung.ch\/fr\/wp-json\/wp\/v2\/types\/page"}],"author":[{"embeddable":true,"href":"https:\/\/shop.abs-absturzsicherung.ch\/fr\/wp-json\/wp\/v2\/users\/1"}],"replies":[{"embeddable":true,"href":"https:\/\/shop.abs-absturzsicherung.ch\/fr\/wp-json\/wp\/v2\/comments?post=80"}],"version-history":[{"count":3,"href":"https:\/\/shop.abs-absturzsicherung.ch\/fr\/wp-json\/wp\/v2\/pages\/80\/revisions"}],"predecessor-version":[{"id":2754,"href":"https:\/\/shop.abs-absturzsicherung.ch\/fr\/wp-json\/wp\/v2\/pages\/80\/revisions\/2754"}],"wp:attachment":[{"href":"https:\/\/shop.abs-absturzsicherung.ch\/fr\/wp-json\/wp\/v2\/media?parent=80"}],"curies":[{"name":"wp","href":"https:\/\/api.w.org\/{rel}","templated":true}]}}