{"id":83,"date":"2025-07-09T11:00:51","date_gmt":"2025-07-09T09:00:51","guid":{"rendered":"https:\/\/shop.abs-absturzsicherung.ch\/?page_id=83"},"modified":"2025-07-14T14:27:48","modified_gmt":"2025-07-14T12:27:48","slug":"impressum","status":"publish","type":"page","link":"https:\/\/shop.abs-absturzsicherung.ch\/fr\/impressum\/","title":{"rendered":"Mentions l\u00e9gales"},"content":{"rendered":"<h1 class=\"wp-block-heading\">Mentions l\u00e9gales<\/h1>\n\n\n\n<div class=\"wp-block-group impressum\"><div class=\"wp-block-group__inner-container is-layout-constrained wp-block-group-is-layout-constrained\">\n<p><strong>Responsabilit\u00e9 globale<\/strong><br>ABS Absturzsicherung AG<br>Im Grund 15<br>CH-5405 Baden-D\u00e4ttwil<br>T\u00e9l\u00e9phone&nbsp;<a href=\"tel:+41564833540\">+41 (0)56 483 35 40<\/a><br><a href=\"mailto:info@abs-absturzsicherung.ch\">info@abs-absturzsicherung.ch<\/a><\/p>\n\n\n\n<p><strong>R\u00e9alisation<\/strong><br><a href=\"https:\/\/pingag.ch\/\" target=\"_blank\" rel=\"noreferrer noopener\">Ping Internet Agentur AG&nbsp;<\/a>, Saint-Gall<\/p>\n<\/div><\/div>\n\n\n\n<div class=\"wp-block-group impressum\"><div class=\"wp-block-group__inner-container is-layout-constrained wp-block-group-is-layout-constrained\">\n<h1 class=\"wp-block-heading\">D\u00e9claration de confidentialit\u00e9<\/h1>\n\n\n\n<h4 class=\"wp-block-heading\">1. g\u00e9n\u00e9ralit\u00e9s<\/h4>\n\n\n\n<p>Cette d\u00e9claration de protection des donn\u00e9es se rapporte \u00e0 toutes les prestations et services propos\u00e9s par ABS Absturzsicherung AG. Elle ne se rapporte pas aux prestations d'autres organisations, agences ou individus, ni aux sites web tiers qui sont reli\u00e9s \u00e0 nos pages web.<br>Les r\u00e8gles suivantes vous informent sur la nature, l'\u00e9tendue et le but de la collecte, de l'utilisation et du traitement des donn\u00e9es personnelles par le fournisseur.<\/p>\n\n\n\n<p>ABS Absturzsicherung AG<br>Im Grund 15<br>CH-5405 Baden-D\u00e4ttwil<br>T\u00e9l\u00e9phone&nbsp;<a href=\"tel:+41564833540\">+41 56 483 35 40<\/a><br><a href=\"mailto:info@abs-absturzsicherung.ch\">info@abs-absturzsicherung.ch<\/a><\/p>\n\n\n\n<p>Nous attirons votre attention sur le fait que la transmission de donn\u00e9es par Internet pr\u00e9sente des failles de s\u00e9curit\u00e9 et qu'il est donc impossible d'assurer une protection totale contre les acc\u00e8s par des tiers. La communication par e-mail s'effectue via un r\u00e9seau ouvert, accessible \u00e0 tous et transfrontalier. Il n'est donc pas exclu que les donn\u00e9es ainsi envoy\u00e9es puissent \u00eatre consult\u00e9es par des tiers et que la prise de contact avec ABS Absturzsicherung AG puisse ainsi \u00eatre retrac\u00e9e.<\/p>\n\n\n\n<h4 class=\"wp-block-heading\">2\u00e8me site web<\/h4>\n\n\n\n<p>En r\u00e8gle g\u00e9n\u00e9rale, l'utilisation de notre site web est possible sans indication de donn\u00e9es personnelles. Dans la mesure o\u00f9 des donn\u00e9es personnelles (p. ex. nom, adresse ou adresse e-mail) sont collect\u00e9es sur notre site, cela se fait toujours, dans la mesure du possible, sur une base volontaire. Ces donn\u00e9es ne sont pas transmises \u00e0 des tiers sans votre accord explicite. Nous ne traitons vos donn\u00e9es personnelles que conform\u00e9ment aux dispositions du R\u00e8glement g\u00e9n\u00e9ral europ\u00e9en sur la protection des donn\u00e9es (RGPD) et de la Loi f\u00e9d\u00e9rale suisse sur la protection des donn\u00e9es (LPD).<\/p>\n\n\n\n<h4 class=\"wp-block-heading\">2.1 Cookies<\/h4>\n\n\n\n<p>Nous utilisons des cookies sur notre site pour reconna\u00eetre les utilisations multiples de notre offre par le m\u00eame utilisateur\/titulaire de la connexion Internet. Les cookies permettent de rendre les pages Internet plus conviviales, plus efficaces et plus s\u00fbres. Les cookies sont de petits fichiers texte que votre navigateur Internet d\u00e9pose et enregistre sur votre ordinateur. Ils servent \u00e0 optimiser notre pr\u00e9sence sur Internet et nos offres. Il s'agit le plus souvent de \"cookies de session\" qui sont supprim\u00e9s \u00e0 la fin de votre visite. Certains de ces cookies fournissent toutefois des informations permettant de vous reconna\u00eetre automatiquement. Cette reconnaissance s'effectue sur la base de l'adresse IP enregistr\u00e9e dans les cookies. Les informations ainsi obtenues servent \u00e0 optimiser nos offres et \u00e0 vous permettre d'acc\u00e9der plus facilement \u00e0 notre site. Nous utilisons des cookies aux fins suivantes :<\/p>\n\n\n\n<ul class=\"wp-block-list\">\n<li>pour am\u00e9liorer l'exp\u00e9rience de l'utilisateur<\/li>\n\n\n\n<li>pour activer certaines fonctions du site web<\/li>\n\n\n\n<li>pour enregistrer vos pr\u00e9f\u00e9rences et personnaliser le contenu<\/li>\n\n\n\n<li>pour fournir des analyses<\/li>\n\n\n\n<li>pour permettre la publicit\u00e9<\/li>\n\n\n\n<li>y compris la publicit\u00e9 comportementale pour partager sur les r\u00e9seaux sociaux, etc.<\/li>\n<\/ul>\n\n\n\n<p>En dehors de nos propres cookies, nous pouvons utiliser des cookies de tiers pour am\u00e9liorer la qualit\u00e9 de nos services. Vous pouvez emp\u00eacher l'installation de ces cookies en configurant votre navigateur en cons\u00e9quence. Nous attirons toutefois votre attention sur le fait que, dans ce cas, vous ne pourrez peut-\u00eatre pas utiliser toutes les fonctions de notre site web dans leur int\u00e9gralit\u00e9. Si vous souhaitez supprimer les cookies ou emp\u00eacher leur enregistrement, veuillez consulter les pages d'aide du navigateur concern\u00e9 :<\/p>\n\n\n\n<ul class=\"wp-block-list\">\n<li>Pour Internet ExplorerTM :&nbsp;&nbsp;<a href=\"https:\/\/support.microsoft.com\/en-us\/help\/17442\/windows-internet-explorer-delete-manage-cookies\" target=\"_blank\" rel=\"noreferrer noopener\">https:\/\/support.microsoft.com\/en-us\/help\/17442\/windows-internet-explorer-delete-manage-cookies<\/a><\/li>\n\n\n\n<li>Pour SafariTM :&nbsp;&nbsp;<a href=\"https:\/\/support.apple.com\/en-us\/HT201265\">https:\/\/support.apple.com\/en-us\/HT201265<\/a><\/li>\n\n\n\n<li>Pour ChromeTM :&nbsp;&nbsp;<a href=\"https:\/\/support.google.com\/chrome\/answer\/95647?co=GENIE.Platform%3DDesktop&amp;hl=en\">https:\/\/support.google.com\/chrome\/answer\/95647?co=GENIE.Platform%3DDesktop&amp;hl=en<\/a><\/li>\n\n\n\n<li>Pour FirefoxTM :&nbsp;&nbsp;<a href=\"https:\/\/support.mozilla.org\/en-US\/kb\/delete-cookies-remove-info-websites-stored\" target=\"_blank\" rel=\"noreferrer noopener\">https:\/\/support.mozilla.org\/en-US\/kb\/delete-cookies-remove-info-websites-stored<\/a><\/li>\n\n\n\n<li>Pour OperaTM :&nbsp;&nbsp;<a href=\"http:\/\/help.opera.com\/Windows\/10.20\/en\/cookies.html\">http:\/\/help.opera.com\/Windows\/10.20\/en\/cookies.html<\/a><\/li>\n\n\n\n<li>Pour plus d'informations sur les cookies, voir : - AllAboutCookies :&nbsp;&nbsp;<a href=\"http:\/\/www.allaboutcookies.org\/\">http:\/\/www.allaboutcookies.org\/<\/a><\/li>\n\n\n\n<li>Initiative de publicit\u00e9 en r\u00e9seau :&nbsp;&nbsp;<a href=\"http:\/\/www.networkadvertising.org\/\">http:\/\/www.networkadvertising.org\/<\/a><\/li>\n<\/ul>\n\n\n\n<h4 class=\"wp-block-heading\">3) les finalit\u00e9s du traitement et la base juridique<\/h4>\n\n\n\n<p>Le traitement des donn\u00e9es est effectu\u00e9 dans le but d'analyser le trafic Internet de notre site, d'am\u00e9liorer la fonctionnalit\u00e9 de notre site et \u00e0 des fins publicitaires. Le traitement de vos donn\u00e9es est n\u00e9cessaire \u00e0 la d\u00e9fense de nos int\u00e9r\u00eats l\u00e9gitimes.<\/p>\n\n\n\n<h4 class=\"wp-block-heading\">4. cat\u00e9gories de donn\u00e9es et origine des donn\u00e9es<\/h4>\n\n\n\n<p>Nous traitons les donn\u00e9es qui sont g\u00e9n\u00e9r\u00e9es dans le cadre de l'utilisation de notre site web ou les donn\u00e9es que vous indiquez (par exemple dans le cadre d'une inscription \u00e0 la newsletter).<\/p>\n\n\n\n<h4 class=\"wp-block-heading\">4.1 R\u00e9cepteur<\/h4>\n\n\n\n<p>Sauf mention expresse ci-dessous, vos donn\u00e9es ne seront pas transmises \u00e0 des tiers.<\/p>\n\n\n\n<h4 class=\"wp-block-heading\">5. dur\u00e9e de conservation<\/h4>\n\n\n\n<p>Sauf indication contraire, nous conservons les donn\u00e9es d'utilisation ou autres donn\u00e9es \u00e0 caract\u00e8re personnel aussi longtemps que nous le jugeons n\u00e9cessaire ou appropri\u00e9 pour respecter les lois en vigueur ou aussi longtemps que nous le jugeons n\u00e9cessaire aux fins pour lesquelles elles sont trait\u00e9es. Nous supprimons vos donn\u00e9es d\u00e8s qu'elles ne sont plus n\u00e9cessaires et, en tout \u00e9tat de cause, apr\u00e8s l'expiration de la p\u00e9riode de conservation maximale prescrite par la loi.<\/p>\n\n\n\n<p><strong>Droits de la personne concern\u00e9e<\/strong><\/p>\n\n\n\n<p>Si les conditions l\u00e9gales sont remplies, vous disposez des droits suivants :<\/p>\n\n\n\n<ul class=\"wp-block-list\">\n<li>Droit \u00e0 l'information<\/li>\n\n\n\n<li>Rectification<\/li>\n\n\n\n<li>Suppression<\/li>\n\n\n\n<li>Limitation du traitement<\/li>\n\n\n\n<li>la portabilit\u00e9 des donn\u00e9es.<\/li>\n<\/ul>\n\n\n\n<p>En outre, vous disposez d'un droit d'opposition \u00e0 tout moment au traitement fond\u00e9 sur le consentement que vous avez donn\u00e9 ou sur nos int\u00e9r\u00eats l\u00e9gitimes.<\/p>\n\n\n\n<h4 class=\"wp-block-heading\">6. droit de recours aupr\u00e8s de l'autorit\u00e9 de surveillance<\/h4>\n\n\n\n<p>Vous avez le droit de d\u00e9poser une plainte aupr\u00e8s de l'autorit\u00e9 de contr\u00f4le comp\u00e9tente si vous estimez que le traitement de vos donn\u00e9es personnelles n'est pas l\u00e9gal.<\/p>\n\n\n\n<h4 class=\"wp-block-heading\">7. s\u00e9curit\u00e9 des donn\u00e9es<\/h4>\n\n\n\n<p>Nous prenons des mesures techniques actuelles pour garantir la s\u00e9curit\u00e9 des donn\u00e9es, en particulier pour prot\u00e9ger vos donn\u00e9es personnelles contre les risques li\u00e9s \u00e0 la transmission de donn\u00e9es et contre la prise de connaissance par des tiers. Ces mesures sont adapt\u00e9es en fonction de l'\u00e9tat actuel de la technique.<\/p>\n\n\n\n<h4 class=\"wp-block-heading\">8. modification de la d\u00e9claration de confidentialit\u00e9<\/h4>\n\n\n\n<p>Nous nous r\u00e9servons le droit de modifier \u00e0 tout moment la pr\u00e9sente d\u00e9claration de confidentialit\u00e9. La date de la derni\u00e8re mise \u00e0 jour figure au d\u00e9but de la pr\u00e9sente d\u00e9claration de confidentialit\u00e9.<\/p>\n<\/div><\/div>\n\n\n\n<p><\/p>","protected":false},"excerpt":{"rendered":"<p>Impressum GesamtverantwortungABS Absturzsicherung AGIm Grund 15CH-5405 Baden-D\u00e4ttwilTelefon&nbsp;+41 (0)56 483 35 40info@abs-absturzsicherung.ch RealisationPing Internet Agentur AG&nbsp;, St. Gallen Datenschutzerkl\u00e4rung 1. Allgemeines Diese Datenschutzerkl\u00e4rung bezieht sich auf alle von ABS Absturzsicherung AG angebotenen Leistungen und Dienstleistungen. Sie bezieht sich nicht auf Leistungen anderer Organisationen, Agenturen oder Individuen sowie Drittwebseiten, welche mit unseren Webseiten verlinkt sind.Nachstehende Regelungen informieren [&hellip;]<\/p>\n","protected":false},"author":1,"featured_media":0,"parent":0,"menu_order":0,"comment_status":"closed","ping_status":"closed","template":"page-custom-content.php","meta":{"footnotes":""},"class_list":["post-83","page","type-page","status-publish","hentry"],"_links":{"self":[{"href":"https:\/\/shop.abs-absturzsicherung.ch\/fr\/wp-json\/wp\/v2\/pages\/83","targetHints":{"allow":["GET"]}}],"collection":[{"href":"https:\/\/shop.abs-absturzsicherung.ch\/fr\/wp-json\/wp\/v2\/pages"}],"about":[{"href":"https:\/\/shop.abs-absturzsicherung.ch\/fr\/wp-json\/wp\/v2\/types\/page"}],"author":[{"embeddable":true,"href":"https:\/\/shop.abs-absturzsicherung.ch\/fr\/wp-json\/wp\/v2\/users\/1"}],"replies":[{"embeddable":true,"href":"https:\/\/shop.abs-absturzsicherung.ch\/fr\/wp-json\/wp\/v2\/comments?post=83"}],"version-history":[{"count":2,"href":"https:\/\/shop.abs-absturzsicherung.ch\/fr\/wp-json\/wp\/v2\/pages\/83\/revisions"}],"predecessor-version":[{"id":2756,"href":"https:\/\/shop.abs-absturzsicherung.ch\/fr\/wp-json\/wp\/v2\/pages\/83\/revisions\/2756"}],"wp:attachment":[{"href":"https:\/\/shop.abs-absturzsicherung.ch\/fr\/wp-json\/wp\/v2\/media?parent=83"}],"curies":[{"name":"wp","href":"https:\/\/api.w.org\/{rel}","templated":true}]}}