{"id":98,"date":"2025-07-10T11:08:12","date_gmt":"2025-07-10T09:08:12","guid":{"rendered":"https:\/\/shop.abs-absturzsicherung.ch\/?page_id=98"},"modified":"2025-10-10T08:33:50","modified_gmt":"2025-10-10T06:33:50","slug":"startseite","status":"publish","type":"page","link":"https:\/\/shop.abs-absturzsicherung.ch\/fr\/","title":{"rendered":"Boutique ABS"},"content":{"rendered":"<figure class=\"wp-block-image size-full\"><img loading=\"lazy\" decoding=\"async\" width=\"1240\" height=\"724\" src=\"https:\/\/shop.abs-absturzsicherung.ch\/wp-content\/uploads\/2025\/08\/ABS_KeyVisual_OhneFusszeile_FR.jpg\" alt=\"\" class=\"wp-image-3264\" srcset=\"https:\/\/shop.abs-absturzsicherung.ch\/wp-content\/uploads\/2025\/08\/ABS_KeyVisual_OhneFusszeile_FR.jpg 1240w, https:\/\/shop.abs-absturzsicherung.ch\/wp-content\/uploads\/2025\/08\/ABS_KeyVisual_OhneFusszeile_FR-300x175.jpg 300w, https:\/\/shop.abs-absturzsicherung.ch\/wp-content\/uploads\/2025\/08\/ABS_KeyVisual_OhneFusszeile_FR-1024x598.jpg 1024w, https:\/\/shop.abs-absturzsicherung.ch\/wp-content\/uploads\/2025\/08\/ABS_KeyVisual_OhneFusszeile_FR-768x448.jpg 768w, https:\/\/shop.abs-absturzsicherung.ch\/wp-content\/uploads\/2025\/08\/ABS_KeyVisual_OhneFusszeile_FR-18x12.jpg 18w, https:\/\/shop.abs-absturzsicherung.ch\/wp-content\/uploads\/2025\/08\/ABS_KeyVisual_OhneFusszeile_FR-324x189.jpg 324w, https:\/\/shop.abs-absturzsicherung.ch\/wp-content\/uploads\/2025\/08\/ABS_KeyVisual_OhneFusszeile_FR-416x243.jpg 416w\" sizes=\"auto, (max-width: 1240px) 100vw, 1240px\" \/><\/figure>\n\n\n\n<h2 class=\"wp-block-heading\">Toujours au top ! Avec ABS S\u00e9curit\u00e9 antichute - le partenaire officiel suisse d'ABS Safety GmbH<\/h2>\n\n\n\n<p>Dans notre boutique en ligne, vous trouverez des solutions innovantes et pratiques pour travailler en toute s\u00e9curit\u00e9 sur des postes de travail expos\u00e9s. D\u00e9couvrez le large assortiment de points d'ancrage individuels et de syst\u00e8mes d'assurage par c\u00e2ble pour diff\u00e9rents supports, les garde-corps comme mesure de protection collective et les syst\u00e8mes antichute pour l'utilisation verticale. Le secteur EPIgA propose non seulement des produits individuels, mais aussi des kits complets pratiques pour la pr\u00e9vention des chutes.<\/p>\n\n\n<div class=\"produktkategorie-wrapper\"><div class=\"custom-product-category-box\"><a href=\"https:\/\/shop.abs-absturzsicherung.ch\/fr\/categorie-produit\/0abs-shop\/1393abs-absturzsicherungen-ag\/1394abs\/1395anschlagpunkte\/\"><img decoding=\"async\" src=\"https:\/\/shop.abs-absturzsicherung.ch\/wp-content\/uploads\/2026\/01\/6d6c4a1b-edca-060a-4d78-84fc874fa189_kat_anschlagpunkt-1.png\" alt=\"Anschlagpunkte\" \/><h3>Points d'ancrage<\/h3><\/a><\/div><div class=\"custom-product-category-box\"><a href=\"https:\/\/shop.abs-absturzsicherung.ch\/fr\/categorie-produit\/0abs-shop\/1393abs-absturzsicherungen-ag\/1394abs\/1395sicherungssysteme\/\"><img decoding=\"async\" src=\"https:\/\/shop.abs-absturzsicherung.ch\/wp-content\/uploads\/2026\/01\/70ac4d41-a722-c605-d754-2ebf06aabd49_kat_seilsysteme-1.png\" alt=\"Sicherungssysteme\" \/><h3>Syst\u00e8mes de s\u00e9curit\u00e9<\/h3><\/a><\/div><div class=\"custom-product-category-box\"><a href=\"https:\/\/shop.abs-absturzsicherung.ch\/fr\/categorie-produit\/0abs-shop\/1393abs-absturzsicherungen-ag\/1394abs\/1395gelndersysteme\/\"><img decoding=\"async\" src=\"https:\/\/shop.abs-absturzsicherung.ch\/wp-content\/uploads\/2026\/01\/0bab7300-968d-f560-efc5-c58ddfc16bc3_kat_gel_nder-1.png\" alt=\"Gel&auml;ndersysteme\" \/><h3>Syst\u00e8mes de garde-corps<\/h3><\/a><\/div><div class=\"custom-product-category-box\"><a href=\"https:\/\/shop.abs-absturzsicherung.ch\/fr\/categorie-produit\/0abs-shop\/1393abs-absturzsicherungen-ag\/1394abs\/1395psaga-abs\/\"><img decoding=\"async\" src=\"https:\/\/shop.abs-absturzsicherung.ch\/wp-content\/uploads\/2026\/01\/01f39879-c82c-cb35-7e6f-d9a6d641e5e4_kat_psaga-1.png\" alt=\"PSAgA ABS\" \/><h3>PSAgA ABS<\/h3><\/a><\/div><\/div>","protected":false},"excerpt":{"rendered":"<p>Always on Top! Mit ABS Absturzsicherung \u2013 dem offiziellen Schweizer Partner von ABS Safety GmbH In unserem Online-Shop finden sie innovative und praxisnahe L\u00f6sungen f\u00fcr sicheres Arbeiten an exponierten Arbeitspl\u00e4tzen. Entdecken sie das breite Sortiment von Einzelanschlagpunkten und Seilsicherungssystemen f\u00fcr verschiedene Untergr\u00fcnde, die Schutzgel\u00e4nder als Kollektivschutz-Massnahme und die Steigschutzsysteme f\u00fcr den vertikalen Einsatz. Der Bereich [&hellip;]<\/p>\n","protected":false},"author":1,"featured_media":0,"parent":0,"menu_order":0,"comment_status":"closed","ping_status":"closed","template":"","meta":{"footnotes":""},"class_list":["post-98","page","type-page","status-publish","hentry"],"_links":{"self":[{"href":"https:\/\/shop.abs-absturzsicherung.ch\/fr\/wp-json\/wp\/v2\/pages\/98","targetHints":{"allow":["GET"]}}],"collection":[{"href":"https:\/\/shop.abs-absturzsicherung.ch\/fr\/wp-json\/wp\/v2\/pages"}],"about":[{"href":"https:\/\/shop.abs-absturzsicherung.ch\/fr\/wp-json\/wp\/v2\/types\/page"}],"author":[{"embeddable":true,"href":"https:\/\/shop.abs-absturzsicherung.ch\/fr\/wp-json\/wp\/v2\/users\/1"}],"replies":[{"embeddable":true,"href":"https:\/\/shop.abs-absturzsicherung.ch\/fr\/wp-json\/wp\/v2\/comments?post=98"}],"version-history":[{"count":10,"href":"https:\/\/shop.abs-absturzsicherung.ch\/fr\/wp-json\/wp\/v2\/pages\/98\/revisions"}],"predecessor-version":[{"id":3271,"href":"https:\/\/shop.abs-absturzsicherung.ch\/fr\/wp-json\/wp\/v2\/pages\/98\/revisions\/3271"}],"wp:attachment":[{"href":"https:\/\/shop.abs-absturzsicherung.ch\/fr\/wp-json\/wp\/v2\/media?parent=98"}],"curies":[{"name":"wp","href":"https:\/\/api.w.org\/{rel}","templated":true}]}}