{"id":1969,"date":"2025-07-11T14:13:55","date_gmt":"2025-07-11T12:13:55","guid":{"rendered":"https:\/\/shop.abs-absturzsicherung.ch\/produkt\/ps-1013-23\/"},"modified":"2026-04-17T15:10:19","modified_gmt":"2026-04-17T13:10:19","slug":"ps-1013-23","status":"publish","type":"product","link":"https:\/\/shop.abs-absturzsicherung.ch\/fr\/produit\/ps-1013-23\/","title":{"rendered":"PS-1013-23"},"content":{"rendered":"<div class='html translation-block'>\n<p><span style=\"font-family:Arial;font-size:12px\">Lanyard ABS, dispositif d'arr\u00eat de temp\u00e9rature<\/span><\/p>\n<p><span style=\"font-family:Arial;font-size:12px\">Longueur de corde 23 m<\/span><\/p>\n<p><span style=\"font-family:Arial;font-size:12px;color:#000000\">Selon EN 795-B, EN 795-C, pour le <\/span><\/p>\n<p><span style=\"font-family:Arial;font-size:12px;color:#000000\">Utilisation horizontale entre <\/span><\/p> au moins\n<p><span style=\"font-family:Arial;font-size:12px;color:#000000\">deux points d'ancrage fixes. <\/span><\/p>\n<p><span style=\"font-family:Arial;font-size:12px;color:#000000\">C\u00e2ble \u00e0 gaine centrale \u00f8 12 mm, complet <\/span><\/p>\n<p><span style=\"font-family:Arial;font-size:12px;color:#000000\">avec mousqueton au d\u00e9but et \u00e0 la <\/span><\/p>\n<p><span style=\"font-family:Arial;font-size:12px;color:#000000\">Point d'arriv\u00e9e et tendeur de corde, <\/span><\/p>\n<p><span style=\"font-family:Arial;font-size:12px;color:#000000\">2 mousquetons en vrac pour l'assurage interm\u00e9diaire<\/span><\/p>\n<\/p>\n<\/div>","protected":false},"excerpt":{"rendered":"<p>Lanyard ABS, dispositif de but\u00e9e temp.<\/p>","protected":false},"featured_media":2995,"template":"","meta":[],"product_brand":[],"product_cat":[1395,1394,1393,1399,1433],"product_tag":[],"class_list":{"0":"post-1969","1":"product","2":"type-product","3":"status-publish","4":"has-post-thumbnail","6":"product_cat-1394abs","7":"product_cat-1393abs-absturzsicherungen-ag","8":"product_cat-0abs-shop","9":"product_cat-1395psaga-abs","10":"product_cat-1399verbindungsmittel-temp-anschlageinrichtungen","12":"first","13":"onbackorder","14":"taxable","15":"shipping-taxable","16":"purchasable","17":"product-type-simple"},"_links":{"self":[{"href":"https:\/\/shop.abs-absturzsicherung.ch\/fr\/wp-json\/wp\/v2\/product\/1969","targetHints":{"allow":["GET"]}}],"collection":[{"href":"https:\/\/shop.abs-absturzsicherung.ch\/fr\/wp-json\/wp\/v2\/product"}],"about":[{"href":"https:\/\/shop.abs-absturzsicherung.ch\/fr\/wp-json\/wp\/v2\/types\/product"}],"wp:featuredmedia":[{"embeddable":true,"href":"https:\/\/shop.abs-absturzsicherung.ch\/fr\/wp-json\/wp\/v2\/media\/2995"}],"wp:attachment":[{"href":"https:\/\/shop.abs-absturzsicherung.ch\/fr\/wp-json\/wp\/v2\/media?parent=1969"}],"wp:term":[{"taxonomy":"product_brand","embeddable":true,"href":"https:\/\/shop.abs-absturzsicherung.ch\/fr\/wp-json\/wp\/v2\/product_brand?post=1969"},{"taxonomy":"product_cat","embeddable":true,"href":"https:\/\/shop.abs-absturzsicherung.ch\/fr\/wp-json\/wp\/v2\/product_cat?post=1969"},{"taxonomy":"product_tag","embeddable":true,"href":"https:\/\/shop.abs-absturzsicherung.ch\/fr\/wp-json\/wp\/v2\/product_tag?post=1969"}],"curies":[{"name":"wp","href":"https:\/\/api.w.org\/{rel}","templated":true}]}}