{"id":2034,"date":"2025-07-11T14:15:10","date_gmt":"2025-07-11T12:15:10","guid":{"rendered":"https:\/\/shop.abs-absturzsicherung.ch\/produkt\/ps-strap\/"},"modified":"2026-04-17T15:30:17","modified_gmt":"2026-04-17T13:30:17","slug":"ps-strap","status":"publish","type":"product","link":"https:\/\/shop.abs-absturzsicherung.ch\/fr\/produit\/ps-strap\/","title":{"rendered":"PS-STRAP"},"content":{"rendered":"<div class='html translation-block'>\n<p><span style=\"font-family:Arial;font-size:12px\">ABS Trauma Strap sangle de marche<\/span><\/p>\n<p><span style=\"font-family:Arial;font-size:12px;color:#000000\">Pour pr\u00e9venir le traumatisme de suspension <\/span><\/p>\n<p><span style=\"font-family:Arial;font-size:12px;color:#000000\">en cas de chute. Compact et<\/span><\/p>\n<p><span style=\"font-family:Arial;font-size:12px;color:#000000\">l\u00e9ger, facile \u00e0 attacher \u00e0 la ceinture<\/span><\/p>\n<\/p>\n<\/div>","protected":false},"excerpt":{"rendered":"<p>Boucle de marche ABS Trauma Strap<\/p>","protected":false},"featured_media":3032,"template":"","meta":[],"product_brand":[],"product_cat":[1395,1394,1393,1430,1399],"product_tag":[],"class_list":{"0":"post-2034","1":"product","2":"type-product","3":"status-publish","4":"has-post-thumbnail","6":"product_cat-1394abs","7":"product_cat-1393abs-absturzsicherungen-ag","8":"product_cat-0abs-shop","9":"product_cat-1399auffanggurte-und-zubehr","10":"product_cat-1395psaga-abs","12":"first","13":"instock","14":"taxable","15":"shipping-taxable","16":"purchasable","17":"product-type-simple"},"_links":{"self":[{"href":"https:\/\/shop.abs-absturzsicherung.ch\/fr\/wp-json\/wp\/v2\/product\/2034","targetHints":{"allow":["GET"]}}],"collection":[{"href":"https:\/\/shop.abs-absturzsicherung.ch\/fr\/wp-json\/wp\/v2\/product"}],"about":[{"href":"https:\/\/shop.abs-absturzsicherung.ch\/fr\/wp-json\/wp\/v2\/types\/product"}],"wp:featuredmedia":[{"embeddable":true,"href":"https:\/\/shop.abs-absturzsicherung.ch\/fr\/wp-json\/wp\/v2\/media\/3032"}],"wp:attachment":[{"href":"https:\/\/shop.abs-absturzsicherung.ch\/fr\/wp-json\/wp\/v2\/media?parent=2034"}],"wp:term":[{"taxonomy":"product_brand","embeddable":true,"href":"https:\/\/shop.abs-absturzsicherung.ch\/fr\/wp-json\/wp\/v2\/product_brand?post=2034"},{"taxonomy":"product_cat","embeddable":true,"href":"https:\/\/shop.abs-absturzsicherung.ch\/fr\/wp-json\/wp\/v2\/product_cat?post=2034"},{"taxonomy":"product_tag","embeddable":true,"href":"https:\/\/shop.abs-absturzsicherung.ch\/fr\/wp-json\/wp\/v2\/product_tag?post=2034"}],"curies":[{"name":"wp","href":"https:\/\/api.w.org\/{rel}","templated":true}]}}