{"id":2063,"date":"2025-07-11T14:15:47","date_gmt":"2025-07-11T12:15:47","guid":{"rendered":"https:\/\/shop.abs-absturzsicherung.ch\/produkt\/ps-vb-hb-18\/"},"modified":"2026-04-17T15:30:25","modified_gmt":"2026-04-17T13:30:25","slug":"ps-vb-hb-18","status":"publish","type":"product","link":"https:\/\/shop.abs-absturzsicherung.ch\/fr\/produit\/ps-vb-hb-18\/","title":{"rendered":"PS-VB-HB-1,8"},"content":{"rendered":"<div class='html translation-block'>\n<p><span style=\"font-family:Arial;font-size:12px\">Liaison avec amortisseur de chute<\/span><\/p>\n<p><span style=\"font-family:Arial;font-size:12px\">R\u00e9glable min.1.40 - max. 1.80 m<\/span><\/p>\n<p><span style=\"font-family:Arial;font-size:12px;color:#000000\">Selon EN 354, EN 355, sangle test\u00e9e sur les bords, <\/span><\/p>\n<p><span style=\"font-family:Arial;font-size:12px;color:#000000\">Choc inf\u00e9rieur \u00e0 3kN, mousqueton unilat\u00e9ral <\/span><\/p>\n<p><span style=\"font-family:Arial;font-size:12px;color:#000000\">avec \u0153il, crochet de s\u00e9curit\u00e9 de l'autre c\u00f4t\u00e9<\/span><\/p>\n<\/p>\n<\/div>","protected":false},"excerpt":{"rendered":"<p>Longe avec absorbeur d'\u00e9nergie<\/p>","protected":false},"featured_media":3043,"template":"","meta":[],"product_brand":[],"product_cat":[1395,1394,1393,1431,1399],"product_tag":[],"class_list":{"0":"post-2063","1":"product","2":"type-product","3":"status-publish","4":"has-post-thumbnail","6":"product_cat-1394abs","7":"product_cat-1393abs-absturzsicherungen-ag","8":"product_cat-0abs-shop","9":"product_cat-1399auffang-und-sicherungssysteme","10":"product_cat-1395psaga-abs","12":"first","13":"instock","14":"taxable","15":"shipping-taxable","16":"purchasable","17":"product-type-simple"},"_links":{"self":[{"href":"https:\/\/shop.abs-absturzsicherung.ch\/fr\/wp-json\/wp\/v2\/product\/2063","targetHints":{"allow":["GET"]}}],"collection":[{"href":"https:\/\/shop.abs-absturzsicherung.ch\/fr\/wp-json\/wp\/v2\/product"}],"about":[{"href":"https:\/\/shop.abs-absturzsicherung.ch\/fr\/wp-json\/wp\/v2\/types\/product"}],"wp:featuredmedia":[{"embeddable":true,"href":"https:\/\/shop.abs-absturzsicherung.ch\/fr\/wp-json\/wp\/v2\/media\/3043"}],"wp:attachment":[{"href":"https:\/\/shop.abs-absturzsicherung.ch\/fr\/wp-json\/wp\/v2\/media?parent=2063"}],"wp:term":[{"taxonomy":"product_brand","embeddable":true,"href":"https:\/\/shop.abs-absturzsicherung.ch\/fr\/wp-json\/wp\/v2\/product_brand?post=2063"},{"taxonomy":"product_cat","embeddable":true,"href":"https:\/\/shop.abs-absturzsicherung.ch\/fr\/wp-json\/wp\/v2\/product_cat?post=2063"},{"taxonomy":"product_tag","embeddable":true,"href":"https:\/\/shop.abs-absturzsicherung.ch\/fr\/wp-json\/wp\/v2\/product_tag?post=2063"}],"curies":[{"name":"wp","href":"https:\/\/api.w.org\/{rel}","templated":true}]}}