{"id":2086,"date":"2025-07-11T14:16:07","date_gmt":"2025-07-11T12:16:07","guid":{"rendered":"https:\/\/shop.abs-absturzsicherung.ch\/produkt\/ps-bl-b-hb-140\/"},"modified":"2026-04-30T16:01:08","modified_gmt":"2026-04-30T14:01:08","slug":"ps-bl-b-hb-140","status":"publish","type":"product","link":"https:\/\/shop.abs-absturzsicherung.ch\/fr\/produit\/ps-bl-b-hb-140\/","title":{"rendered":"PS-BL-B-HB-140"},"content":{"rendered":"<div class='html translation-block'>\n<p><span style=\"font-family:Arial;font-size:12px;color:#000000\">Arr\u00eatoir antichute B-Lock 1.8 m<\/span><\/p>\n<p><span style=\"font-family:Arial;font-size:12px;color:#000000\">Sangle de 25 mm, \u00e0 ar\u00eates contr\u00f4l\u00e9es<\/span><\/p>\n<p><span style=\"font-family:Arial;font-size:12px;color:#000000\">Selon EN 360, avec mousqueton avec protection contre les chutes<\/span><\/p>\n<p><span style=\"font-family:Arial;font-size:12px;color:#000000\">Indicateur, bo\u00eetier en mati\u00e8re plastique avec rotation <\/span><\/p>\n<p><span style=\"font-family:Arial;font-size:12px;color:#000000\">Suspension \u00e0 \u00e9merillon et mousqueton, <\/span><\/p>\n<p><span style=\"font-family:Arial;font-size:12px;color:#000000\">Introduction de force inf\u00e9rieure \u00e0 3 kN \u00e0 l'amarrage-<\/span><\/p>\n<p><span style=\"font-family:Arial;font-size:12px;color:#000000\">point, sp\u00e9cialement con\u00e7u pour <\/span><\/p>\n<p><span style=\"font-family:Arial;font-size:12px;color:#000000\">Plates-formes de travail \u00e9l\u00e9vatrices <\/span><\/p>\n<\/p>\n<\/div>","protected":false},"excerpt":{"rendered":"<p>Antichute &agrave; rappel automatique ABS B-Loc<\/p>","protected":false},"featured_media":3066,"template":"","meta":[],"product_brand":[],"product_cat":[1395,1394,1393,1432,1399],"product_tag":[],"class_list":{"0":"post-2086","1":"product","2":"type-product","3":"status-publish","4":"has-post-thumbnail","6":"product_cat-1394abs","7":"product_cat-1393abs-absturzsicherungen-ag","8":"product_cat-0abs-shop","9":"product_cat-1399hhensicherungsgerte","10":"product_cat-1395psaga-abs","12":"first","13":"instock","14":"taxable","15":"shipping-taxable","16":"purchasable","17":"product-type-simple"},"_links":{"self":[{"href":"https:\/\/shop.abs-absturzsicherung.ch\/fr\/wp-json\/wp\/v2\/product\/2086","targetHints":{"allow":["GET"]}}],"collection":[{"href":"https:\/\/shop.abs-absturzsicherung.ch\/fr\/wp-json\/wp\/v2\/product"}],"about":[{"href":"https:\/\/shop.abs-absturzsicherung.ch\/fr\/wp-json\/wp\/v2\/types\/product"}],"wp:featuredmedia":[{"embeddable":true,"href":"https:\/\/shop.abs-absturzsicherung.ch\/fr\/wp-json\/wp\/v2\/media\/3066"}],"wp:attachment":[{"href":"https:\/\/shop.abs-absturzsicherung.ch\/fr\/wp-json\/wp\/v2\/media?parent=2086"}],"wp:term":[{"taxonomy":"product_brand","embeddable":true,"href":"https:\/\/shop.abs-absturzsicherung.ch\/fr\/wp-json\/wp\/v2\/product_brand?post=2086"},{"taxonomy":"product_cat","embeddable":true,"href":"https:\/\/shop.abs-absturzsicherung.ch\/fr\/wp-json\/wp\/v2\/product_cat?post=2086"},{"taxonomy":"product_tag","embeddable":true,"href":"https:\/\/shop.abs-absturzsicherung.ch\/fr\/wp-json\/wp\/v2\/product_tag?post=2086"}],"curies":[{"name":"wp","href":"https:\/\/api.w.org\/{rel}","templated":true}]}}