{"id":2172,"date":"2025-07-11T14:20:08","date_gmt":"2025-07-11T12:20:08","guid":{"rendered":"https:\/\/shop.abs-absturzsicherung.ch\/produkt\/ps-roll\/"},"modified":"2026-04-17T15:30:20","modified_gmt":"2026-04-17T13:30:20","slug":"ps-roll","status":"publish","type":"product","link":"https:\/\/shop.abs-absturzsicherung.ch\/fr\/produit\/ps-roll\/","title":{"rendered":"PS-ROLL"},"content":{"rendered":"<div class='html translation-block'>\n<p><span style=\"font-family:Arial;font-size:12px;color:#000000\">Coulisseaux \u00e0 galets pour syst\u00e8mes d'assurage \u00e0 c\u00e2ble non franchissables<br \/> ABS-Lock SYS<br \/>I+III \u00f86mm\/\u00f88mm et c\u00e2bles \u00e0 gaine centrale dans les<br \/>syst\u00e8mes d'assurage \u00e0 c\u00e2ble temporaires<br \/>\u00f812mm.<\/span><\/p>\n<\/p>\n<\/div>","protected":false},"excerpt":{"rendered":"<p>ABS RopeGlide<\/p>","protected":false},"featured_media":3104,"template":"","meta":[],"product_brand":[],"product_cat":[1395,1394,1410,1411,1393,1515,1519,1409,1397],"product_tag":[],"class_list":{"0":"post-2172","1":"product","2":"type-product","3":"status-publish","4":"has-post-thumbnail","6":"product_cat-1394abs","7":"product_cat-1393abs-absturzsicherungen-ag","8":"product_cat-1409abs-seilsystem-6mm","9":"product_cat-1409abs-seilsystem-8-mm","10":"product_cat-0abs-shop","11":"product_cat-1410seilgleiter-laufelemente","12":"product_cat-1411seilgleiter-laufelemente","13":"product_cat-1397seilsicherung","14":"product_cat-1395sicherungssysteme","16":"first","17":"instock","18":"taxable","19":"shipping-taxable","20":"purchasable","21":"product-type-simple"},"_links":{"self":[{"href":"https:\/\/shop.abs-absturzsicherung.ch\/fr\/wp-json\/wp\/v2\/product\/2172","targetHints":{"allow":["GET"]}}],"collection":[{"href":"https:\/\/shop.abs-absturzsicherung.ch\/fr\/wp-json\/wp\/v2\/product"}],"about":[{"href":"https:\/\/shop.abs-absturzsicherung.ch\/fr\/wp-json\/wp\/v2\/types\/product"}],"wp:featuredmedia":[{"embeddable":true,"href":"https:\/\/shop.abs-absturzsicherung.ch\/fr\/wp-json\/wp\/v2\/media\/3104"}],"wp:attachment":[{"href":"https:\/\/shop.abs-absturzsicherung.ch\/fr\/wp-json\/wp\/v2\/media?parent=2172"}],"wp:term":[{"taxonomy":"product_brand","embeddable":true,"href":"https:\/\/shop.abs-absturzsicherung.ch\/fr\/wp-json\/wp\/v2\/product_brand?post=2172"},{"taxonomy":"product_cat","embeddable":true,"href":"https:\/\/shop.abs-absturzsicherung.ch\/fr\/wp-json\/wp\/v2\/product_cat?post=2172"},{"taxonomy":"product_tag","embeddable":true,"href":"https:\/\/shop.abs-absturzsicherung.ch\/fr\/wp-json\/wp\/v2\/product_tag?post=2172"}],"curies":[{"name":"wp","href":"https:\/\/api.w.org\/{rel}","templated":true}]}}