{"id":2237,"date":"2025-07-11T14:21:01","date_gmt":"2025-07-11T12:21:01","guid":{"rendered":"https:\/\/shop.abs-absturzsicherung.ch\/produkt\/at-st-end\/"},"modified":"2026-04-22T14:50:19","modified_gmt":"2026-04-22T12:50:19","slug":"at-st-end","status":"publish","type":"product","link":"https:\/\/shop.abs-absturzsicherung.ch\/fr\/produit\/at-st-end\/","title":{"rendered":"AT-ST-END"},"content":{"rendered":"<div class='html translation-block'>\n<p><span style=\"font-family:Arial;font-size:12px;color:#000000\">Fixation d'extr\u00e9mit\u00e9 en aluminium pour syst\u00e8me d'assurage sur rail<br \/> ABS AluTrax sur acier,<br \/>contr\u00f4l\u00e9 selon la norme EN 795:2012. Pour 3<br \/>personnes maximum. Avec mat\u00e9riel de fixation.<\/span><\/p>\n<\/p>\n<\/div>","protected":false},"excerpt":{"rendered":"<p>AT-VB<\/p>","protected":false},"featured_media":3126,"template":"","meta":[],"product_brand":[],"product_cat":[1395,1394,1520,1393,1412,1397],"product_tag":[],"class_list":{"0":"post-2237","1":"product","2":"type-product","3":"status-publish","4":"has-post-thumbnail","6":"product_cat-1394abs","7":"product_cat-1393abs-absturzsicherungen-ag","8":"product_cat-1412abs-alutrax","9":"product_cat-0abs-shop","10":"product_cat-1397schienen","11":"product_cat-1395sicherungssysteme","13":"first","14":"outofstock","15":"taxable","16":"shipping-taxable","17":"purchasable","18":"product-type-simple"},"_links":{"self":[{"href":"https:\/\/shop.abs-absturzsicherung.ch\/fr\/wp-json\/wp\/v2\/product\/2237","targetHints":{"allow":["GET"]}}],"collection":[{"href":"https:\/\/shop.abs-absturzsicherung.ch\/fr\/wp-json\/wp\/v2\/product"}],"about":[{"href":"https:\/\/shop.abs-absturzsicherung.ch\/fr\/wp-json\/wp\/v2\/types\/product"}],"wp:featuredmedia":[{"embeddable":true,"href":"https:\/\/shop.abs-absturzsicherung.ch\/fr\/wp-json\/wp\/v2\/media\/3126"}],"wp:attachment":[{"href":"https:\/\/shop.abs-absturzsicherung.ch\/fr\/wp-json\/wp\/v2\/media?parent=2237"}],"wp:term":[{"taxonomy":"product_brand","embeddable":true,"href":"https:\/\/shop.abs-absturzsicherung.ch\/fr\/wp-json\/wp\/v2\/product_brand?post=2237"},{"taxonomy":"product_cat","embeddable":true,"href":"https:\/\/shop.abs-absturzsicherung.ch\/fr\/wp-json\/wp\/v2\/product_cat?post=2237"},{"taxonomy":"product_tag","embeddable":true,"href":"https:\/\/shop.abs-absturzsicherung.ch\/fr\/wp-json\/wp\/v2\/product_tag?post=2237"}],"curies":[{"name":"wp","href":"https:\/\/api.w.org\/{rel}","templated":true}]}}