{"id":2270,"date":"2025-07-11T14:21:37","date_gmt":"2025-07-11T12:21:37","guid":{"rendered":"https:\/\/shop.abs-absturzsicherung.ch\/produkt\/domeweb-2x2\/"},"modified":"2026-04-24T14:20:15","modified_gmt":"2026-04-24T12:20:15","slug":"domeweb-2x2","status":"publish","type":"product","link":"https:\/\/shop.abs-absturzsicherung.ch\/fr\/produit\/domeweb-2x2\/","title":{"rendered":"DOMEWEB-2X2"},"content":{"rendered":"<div class='html translation-block'>\n<p><span style=\"font-family:Arial;font-size:12px;color:#000000\">R\u00e9seau mobile pour coupoles d'\u00e9clairage non<br \/>antiperforation. Convient \u00e9galement comme<br \/>point d'ancrage, test\u00e9 selon EN<br \/>795:2012. Pour 1 personne maximum. Dimensions:<br \/>2x2m pour coupoles d'\u00e9clairage jusqu'\u00e0 max. 1,5m. Mat\u00e9riel de fixation inclus<br \/><\/span><\/p>\n<\/p>\n<\/div>","protected":false},"excerpt":{"rendered":"<p>ABS DomeWeb<\/p>","protected":false},"featured_media":3894,"template":"","meta":[],"product_brand":[],"product_cat":[1395,1394,1393,1417,1397],"product_tag":[],"class_list":{"0":"post-2270","1":"product","2":"type-product","3":"status-publish","4":"has-post-thumbnail","6":"product_cat-1394abs","7":"product_cat-1393abs-absturzsicherungen-ag","8":"product_cat-0abs-shop","9":"product_cat-1397domeweb","10":"product_cat-1395sicherungssysteme","12":"first","13":"instock","14":"taxable","15":"shipping-taxable","16":"purchasable","17":"product-type-simple"},"_links":{"self":[{"href":"https:\/\/shop.abs-absturzsicherung.ch\/fr\/wp-json\/wp\/v2\/product\/2270","targetHints":{"allow":["GET"]}}],"collection":[{"href":"https:\/\/shop.abs-absturzsicherung.ch\/fr\/wp-json\/wp\/v2\/product"}],"about":[{"href":"https:\/\/shop.abs-absturzsicherung.ch\/fr\/wp-json\/wp\/v2\/types\/product"}],"wp:featuredmedia":[{"embeddable":true,"href":"https:\/\/shop.abs-absturzsicherung.ch\/fr\/wp-json\/wp\/v2\/media\/3894"}],"wp:attachment":[{"href":"https:\/\/shop.abs-absturzsicherung.ch\/fr\/wp-json\/wp\/v2\/media?parent=2270"}],"wp:term":[{"taxonomy":"product_brand","embeddable":true,"href":"https:\/\/shop.abs-absturzsicherung.ch\/fr\/wp-json\/wp\/v2\/product_brand?post=2270"},{"taxonomy":"product_cat","embeddable":true,"href":"https:\/\/shop.abs-absturzsicherung.ch\/fr\/wp-json\/wp\/v2\/product_cat?post=2270"},{"taxonomy":"product_tag","embeddable":true,"href":"https:\/\/shop.abs-absturzsicherung.ch\/fr\/wp-json\/wp\/v2\/product_tag?post=2270"}],"curies":[{"name":"wp","href":"https:\/\/api.w.org\/{rel}","templated":true}]}}