{"id":2302,"date":"2025-07-11T14:22:16","date_gmt":"2025-07-11T12:22:16","guid":{"rendered":"https:\/\/shop.abs-absturzsicherung.ch\/produkt\/zu-pe-16-2\/"},"modified":"2026-04-22T13:50:23","modified_gmt":"2026-04-22T11:50:23","slug":"zu-pe-16-2","status":"publish","type":"product","link":"https:\/\/shop.abs-absturzsicherung.ch\/fr\/produit\/zu-pe-16-2\/","title":{"rendered":"ZU-PE-16-2"},"content":{"rendered":"<div class='html translation-block'>\n<p><span style=\"font-family:Arial;font-size:12px;color:#000000\">Manchette d'\u00e9tanch\u00e9it\u00e9 \u00f816mm pour<br \/>les points d'appui sur les toitures en PE. <br \/>Hauteur 300mm avec encoches de coupe. <br \/>Diam\u00e8tre de la plaque : 220mm. Incl.<br \/>gaine thermor\u00e9tractable.<\/span><\/p>\n<\/p>\n<\/div>","protected":false},"excerpt":{"rendered":"<p>ZU-PP-42-2<\/p>","protected":false},"featured_media":3158,"template":"","meta":[],"product_brand":[],"product_cat":[1501,1395,1394,1393,1396,1408,1506],"product_tag":[],"class_list":{"0":"post-2302","1":"product","2":"type-product","3":"status-publish","4":"has-post-thumbnail","6":"product_cat-1408abdichtmanschetten","7":"product_cat-1394abs","8":"product_cat-1393abs-absturzsicherungen-ag","9":"product_cat-0abs-shop","10":"product_cat-1395anschlagpunkte","11":"product_cat-1396anschlagpunkte-zubehr","12":"product_cat-1501pe","14":"first","15":"instock","16":"taxable","17":"shipping-taxable","18":"purchasable","19":"product-type-simple"},"_links":{"self":[{"href":"https:\/\/shop.abs-absturzsicherung.ch\/fr\/wp-json\/wp\/v2\/product\/2302","targetHints":{"allow":["GET"]}}],"collection":[{"href":"https:\/\/shop.abs-absturzsicherung.ch\/fr\/wp-json\/wp\/v2\/product"}],"about":[{"href":"https:\/\/shop.abs-absturzsicherung.ch\/fr\/wp-json\/wp\/v2\/types\/product"}],"wp:featuredmedia":[{"embeddable":true,"href":"https:\/\/shop.abs-absturzsicherung.ch\/fr\/wp-json\/wp\/v2\/media\/3158"}],"wp:attachment":[{"href":"https:\/\/shop.abs-absturzsicherung.ch\/fr\/wp-json\/wp\/v2\/media?parent=2302"}],"wp:term":[{"taxonomy":"product_brand","embeddable":true,"href":"https:\/\/shop.abs-absturzsicherung.ch\/fr\/wp-json\/wp\/v2\/product_brand?post=2302"},{"taxonomy":"product_cat","embeddable":true,"href":"https:\/\/shop.abs-absturzsicherung.ch\/fr\/wp-json\/wp\/v2\/product_cat?post=2302"},{"taxonomy":"product_tag","embeddable":true,"href":"https:\/\/shop.abs-absturzsicherung.ch\/fr\/wp-json\/wp\/v2\/product_tag?post=2302"}],"curies":[{"name":"wp","href":"https:\/\/api.w.org\/{rel}","templated":true}]}}