{"id":2332,"date":"2025-07-11T14:22:58","date_gmt":"2025-07-11T12:22:58","guid":{"rendered":"https:\/\/shop.abs-absturzsicherung.ch\/produkt\/sy-blitz-8\/"},"modified":"2026-04-30T11:36:26","modified_gmt":"2026-04-30T09:36:26","slug":"sy-blitz-8","status":"publish","type":"product","link":"https:\/\/shop.abs-absturzsicherung.ch\/fr\/produit\/sy-blitz-8\/","title":{"rendered":"SY-BLITZ-8"},"content":{"rendered":"<div class='html translation-block'>\n<p><span style=\"font-family:Arial;font-size:12px;color:#000000\">C\u00e2ble pour relier le syst\u00e8me de protection contre la foudre et<br \/>le syst\u00e8me de s\u00e9curit\u00e9 \u00e0 c\u00e2ble \u00f88mm.<\/span><\/p>\n<\/p>\n<\/div>","protected":false},"excerpt":{"rendered":"<p>ABS GroundWire<\/p>","protected":false},"featured_media":3188,"template":"","meta":[],"product_brand":[],"product_cat":[1395,1394,1411,1393,1518,1409,1397],"product_tag":[],"class_list":{"0":"post-2332","1":"product","2":"type-product","3":"status-publish","4":"has-post-thumbnail","6":"product_cat-1394abs","7":"product_cat-1393abs-absturzsicherungen-ag","8":"product_cat-1409abs-seilsystem-8-mm","9":"product_cat-0abs-shop","10":"product_cat-1411seilkomponenten","11":"product_cat-1397seilsicherung","12":"product_cat-1395sicherungssysteme","14":"first","15":"outofstock","16":"taxable","17":"shipping-taxable","18":"purchasable","19":"product-type-simple"},"_links":{"self":[{"href":"https:\/\/shop.abs-absturzsicherung.ch\/fr\/wp-json\/wp\/v2\/product\/2332","targetHints":{"allow":["GET"]}}],"collection":[{"href":"https:\/\/shop.abs-absturzsicherung.ch\/fr\/wp-json\/wp\/v2\/product"}],"about":[{"href":"https:\/\/shop.abs-absturzsicherung.ch\/fr\/wp-json\/wp\/v2\/types\/product"}],"wp:featuredmedia":[{"embeddable":true,"href":"https:\/\/shop.abs-absturzsicherung.ch\/fr\/wp-json\/wp\/v2\/media\/3188"}],"wp:attachment":[{"href":"https:\/\/shop.abs-absturzsicherung.ch\/fr\/wp-json\/wp\/v2\/media?parent=2332"}],"wp:term":[{"taxonomy":"product_brand","embeddable":true,"href":"https:\/\/shop.abs-absturzsicherung.ch\/fr\/wp-json\/wp\/v2\/product_brand?post=2332"},{"taxonomy":"product_cat","embeddable":true,"href":"https:\/\/shop.abs-absturzsicherung.ch\/fr\/wp-json\/wp\/v2\/product_cat?post=2332"},{"taxonomy":"product_tag","embeddable":true,"href":"https:\/\/shop.abs-absturzsicherung.ch\/fr\/wp-json\/wp\/v2\/product_tag?post=2332"}],"curies":[{"name":"wp","href":"https:\/\/api.w.org\/{rel}","templated":true}]}}