{"id":2393,"date":"2025-07-11T14:24:54","date_gmt":"2025-07-11T12:24:54","guid":{"rendered":"https:\/\/shop.abs-absturzsicherung.ch\/produkt\/ps-mm-mrg9-30f\/"},"modified":"2026-04-17T15:30:20","modified_gmt":"2026-04-17T13:30:20","slug":"ps-mm-mrg9-30f","status":"publish","type":"product","link":"https:\/\/shop.abs-absturzsicherung.ch\/fr\/produit\/ps-mm-mrg9-30f\/","title":{"rendered":"PS-MM-MRG9-30F"},"content":{"rendered":"<div class='html translation-block'>\n<p><span style=\"font-family:Arial;font-size:12px\">Set de sauvetage 30 m, complet en f\u00fbt,<\/span><\/p>\n<p><span style=\"font-family:Arial;font-size:12px\">Selon EN 341:2011, EN 1496<\/span><\/p>\n<p><span style=\"font-family:Arial;font-size:12px;color:#000000\">Comprenant : <\/span><\/p>\n<p><span style=\"font-family:Arial;font-size:12px;color:#000000\">Un descendeur avec dispositif de levage de secours, <\/span><\/p>\n<p><span style=\"font-family:Arial;font-size:12px;color:#000000\">avec dispositif de retour automatique<\/span><\/p>\n<p><span style=\"font-family:Arial;font-size:12px;color:#000000\">Complet avec 30 m de corde de descente, <\/span><\/p>\n<p><span style=\"font-family:Arial;font-size:12px;color:#000000\">Construction de la gaine du noyau \u00f8 9 mm<\/span><\/p>\n<p><span style=\"font-family:Arial;font-size:12px;color:#000000\">conditionn\u00e9 en f\u00fbt de sauvetage 30l<\/span><\/p>\n<p><span style=\"font-family:Arial;font-size:12px;color:#000000\">Max. Hauteur de descente 160m.<\/span><\/p>\n<p><span style=\"font-family:Arial;font-size:12px;color:#000000\">Max. Charge de descente 200kg (2 personnes)<\/span><\/p>\n<p><span style=\"font-family:Arial;font-size:12px;color:#000000\">10 ans sans entretien (si le <\/span><\/p> n'est pas ouvert)\n<p><span style=\"font-family:Arial;font-size:12px;color:#000000\">et le f\u00fbt scell\u00e9 avec un plomb sp\u00e9cial).<\/span><\/p>\n<\/p>\n<\/div>","protected":false},"excerpt":{"rendered":"<p>Kit de sauvetage 30 m, complet en f\u00fbt,<\/p>","protected":false},"featured_media":3911,"template":"","meta":[],"product_brand":[],"product_cat":[1395,1394,1393,1399,1434],"product_tag":[],"class_list":{"0":"post-2393","1":"product","2":"type-product","3":"status-publish","4":"has-post-thumbnail","6":"product_cat-1394abs","7":"product_cat-1393abs-absturzsicherungen-ag","8":"product_cat-0abs-shop","9":"product_cat-1395psaga-abs","10":"product_cat-1399rettungsgerte","12":"first","13":"outofstock","14":"taxable","15":"shipping-taxable","16":"purchasable","17":"product-type-simple"},"_links":{"self":[{"href":"https:\/\/shop.abs-absturzsicherung.ch\/fr\/wp-json\/wp\/v2\/product\/2393","targetHints":{"allow":["GET"]}}],"collection":[{"href":"https:\/\/shop.abs-absturzsicherung.ch\/fr\/wp-json\/wp\/v2\/product"}],"about":[{"href":"https:\/\/shop.abs-absturzsicherung.ch\/fr\/wp-json\/wp\/v2\/types\/product"}],"wp:featuredmedia":[{"embeddable":true,"href":"https:\/\/shop.abs-absturzsicherung.ch\/fr\/wp-json\/wp\/v2\/media\/3911"}],"wp:attachment":[{"href":"https:\/\/shop.abs-absturzsicherung.ch\/fr\/wp-json\/wp\/v2\/media?parent=2393"}],"wp:term":[{"taxonomy":"product_brand","embeddable":true,"href":"https:\/\/shop.abs-absturzsicherung.ch\/fr\/wp-json\/wp\/v2\/product_brand?post=2393"},{"taxonomy":"product_cat","embeddable":true,"href":"https:\/\/shop.abs-absturzsicherung.ch\/fr\/wp-json\/wp\/v2\/product_cat?post=2393"},{"taxonomy":"product_tag","embeddable":true,"href":"https:\/\/shop.abs-absturzsicherung.ch\/fr\/wp-json\/wp\/v2\/product_tag?post=2393"}],"curies":[{"name":"wp","href":"https:\/\/api.w.org\/{rel}","templated":true}]}}