{"id":2409,"date":"2025-07-11T14:25:13","date_gmt":"2025-07-11T12:25:13","guid":{"rendered":"https:\/\/shop.abs-absturzsicherung.ch\/produkt\/sg2-zugang-g-b\/"},"modified":"2026-03-31T07:20:26","modified_gmt":"2026-03-31T05:20:26","slug":"sg2-zugang-g-b","status":"publish","type":"product","link":"https:\/\/shop.abs-absturzsicherung.ch\/fr\/produit\/sg2-zugang-g-b\/","title":{"rendered":"SG2-ACC\u00c8S-G-B"},"content":{"rendered":"<div class='html translation-block'>\n<p><span style=\"font-family:Arial;font-size:12px;color:#000000\">Kit de garde-corps en aluminium et<br \/>en acier inoxydable avec surcharge (poids de b\u00e9ton),<br \/>contr\u00f4l\u00e9 selon la norme EN 13374-A:2013.<br \/>Il permet un acc\u00e8s s\u00e9curis\u00e9 depuis <br \/>l'\u00e9chelle sur le toit plat jusqu'\u00e0 la<br \/>zone s\u00e9curis\u00e9e. Hauteur de la main courante:<br \/>1100mm. Compos\u00e9e de deux c\u00f4t\u00e9s.<br \/>Etrier d'extr\u00e9mit\u00e9 inclus. 1 c\u00f4t\u00e9 = 2,00m.<\/span><\/p>\n<\/p>\n<\/div>","protected":false},"excerpt":{"rendered":"<p>Kit d'acc\u00e8s ABS Guard OnTop Weight<\/p>","protected":false},"featured_media":3226,"template":"","meta":[],"product_brand":[],"product_cat":[1395,1394,1393,1398,1419],"product_tag":[],"class_list":{"0":"post-2409","1":"product","2":"type-product","3":"status-publish","4":"has-post-thumbnail","6":"product_cat-1394abs","7":"product_cat-1393abs-absturzsicherungen-ag","8":"product_cat-0abs-shop","9":"product_cat-1395gelndersysteme","10":"product_cat-1398weight","12":"first","13":"onbackorder","14":"taxable","15":"shipping-taxable","16":"purchasable","17":"product-type-simple"},"_links":{"self":[{"href":"https:\/\/shop.abs-absturzsicherung.ch\/fr\/wp-json\/wp\/v2\/product\/2409","targetHints":{"allow":["GET"]}}],"collection":[{"href":"https:\/\/shop.abs-absturzsicherung.ch\/fr\/wp-json\/wp\/v2\/product"}],"about":[{"href":"https:\/\/shop.abs-absturzsicherung.ch\/fr\/wp-json\/wp\/v2\/types\/product"}],"wp:featuredmedia":[{"embeddable":true,"href":"https:\/\/shop.abs-absturzsicherung.ch\/fr\/wp-json\/wp\/v2\/media\/3226"}],"wp:attachment":[{"href":"https:\/\/shop.abs-absturzsicherung.ch\/fr\/wp-json\/wp\/v2\/media?parent=2409"}],"wp:term":[{"taxonomy":"product_brand","embeddable":true,"href":"https:\/\/shop.abs-absturzsicherung.ch\/fr\/wp-json\/wp\/v2\/product_brand?post=2409"},{"taxonomy":"product_cat","embeddable":true,"href":"https:\/\/shop.abs-absturzsicherung.ch\/fr\/wp-json\/wp\/v2\/product_cat?post=2409"},{"taxonomy":"product_tag","embeddable":true,"href":"https:\/\/shop.abs-absturzsicherung.ch\/fr\/wp-json\/wp\/v2\/product_tag?post=2409"}],"curies":[{"name":"wp","href":"https:\/\/api.w.org\/{rel}","templated":true}]}}