{"id":2412,"date":"2025-07-11T14:25:17","date_gmt":"2025-07-11T12:25:17","guid":{"rendered":"https:\/\/shop.abs-absturzsicherung.ch\/produkt\/l-ot-con\/"},"modified":"2026-04-24T14:30:17","modified_gmt":"2026-04-24T12:30:17","slug":"l-ot-con","status":"publish","type":"product","link":"https:\/\/shop.abs-absturzsicherung.ch\/fr\/produit\/l-ot-con\/","title":{"rendered":"L-OT-CON"},"content":{"rendered":"<div class='html translation-block'>\n<p><span style=\"font-family:Arial;font-size:12px;color:#000000\">Syst\u00e8me en acier inoxydable pour le contr\u00f4le du <br \/>ABS-Lock OnTop. A souder<br \/>sur bitume et film renforc\u00e9 de tissu.<br \/>Set compos\u00e9 de deux unit\u00e9s de contr\u00f4le,<br \/>incluant deux indicateurs de force ABS Lock<br \/>OnTop Control Force.<\/span><\/p>\n<\/p>\n<\/div>","protected":false},"excerpt":{"rendered":"<p>Contr\u00f4le ABS-Lock OnTop<\/p>","protected":false},"featured_media":3963,"template":"","meta":[],"product_brand":[],"product_cat":[1395,1394,1393,1486,1396,1404],"product_tag":[],"class_list":{"0":"post-2412","1":"product","2":"type-product","3":"status-publish","4":"has-post-thumbnail","6":"product_cat-1394abs","7":"product_cat-1393abs-absturzsicherungen-ag","8":"product_cat-0abs-shop","9":"product_cat-1404abs-lock-ontop-control","10":"product_cat-1395anschlagpunkte","11":"product_cat-1396auflast","13":"first","14":"outofstock","15":"taxable","16":"shipping-taxable","17":"purchasable","18":"product-type-simple"},"_links":{"self":[{"href":"https:\/\/shop.abs-absturzsicherung.ch\/fr\/wp-json\/wp\/v2\/product\/2412","targetHints":{"allow":["GET"]}}],"collection":[{"href":"https:\/\/shop.abs-absturzsicherung.ch\/fr\/wp-json\/wp\/v2\/product"}],"about":[{"href":"https:\/\/shop.abs-absturzsicherung.ch\/fr\/wp-json\/wp\/v2\/types\/product"}],"wp:featuredmedia":[{"embeddable":true,"href":"https:\/\/shop.abs-absturzsicherung.ch\/fr\/wp-json\/wp\/v2\/media\/3963"}],"wp:attachment":[{"href":"https:\/\/shop.abs-absturzsicherung.ch\/fr\/wp-json\/wp\/v2\/media?parent=2412"}],"wp:term":[{"taxonomy":"product_brand","embeddable":true,"href":"https:\/\/shop.abs-absturzsicherung.ch\/fr\/wp-json\/wp\/v2\/product_brand?post=2412"},{"taxonomy":"product_cat","embeddable":true,"href":"https:\/\/shop.abs-absturzsicherung.ch\/fr\/wp-json\/wp\/v2\/product_cat?post=2412"},{"taxonomy":"product_tag","embeddable":true,"href":"https:\/\/shop.abs-absturzsicherung.ch\/fr\/wp-json\/wp\/v2\/product_tag?post=2412"}],"curies":[{"name":"wp","href":"https:\/\/api.w.org\/{rel}","templated":true}]}}