{"id":2413,"date":"2025-07-11T14:25:18","date_gmt":"2025-07-11T12:25:18","guid":{"rendered":"https:\/\/shop.abs-absturzsicherung.ch\/produkt\/lx-sr-b-800\/"},"modified":"2026-04-17T13:30:20","modified_gmt":"2026-04-17T11:30:20","slug":"lx-sr-b-800","status":"publish","type":"product","link":"https:\/\/shop.abs-absturzsicherung.ch\/fr\/produit\/lx-sr-b-800\/","title":{"rendered":"LX-SR-B-800"},"content":{"rendered":"<div class='html translation-block'>\n<p><span style=\"font-family:Arial;font-size:12px;color:#000000\">Point d'ancrage en acier inoxydable \u00f842mm avec<br \/>cheville \u00e0 enfoncer dans le b\u00e9ton, test\u00e9 selon <br \/>EN 795:2012. Pour 3 personnes maximum.<br \/>Surplomb : 800mm. Y compris <br \/>mat\u00e9riel de fixation.<\/span><\/p>\n<\/p>\n<\/div>","protected":false},"excerpt":{"rendered":"<p>LX-SR-B-400<\/p>","protected":false},"featured_media":3921,"template":"","meta":[],"product_brand":[],"product_cat":[1395,1394,1393,1444,1396,1400],"product_tag":[],"class_list":{"0":"post-2413","1":"product","2":"type-product","3":"status-publish","4":"has-post-thumbnail","6":"product_cat-1394abs","7":"product_cat-1393abs-absturzsicherungen-ag","8":"product_cat-0abs-shop","9":"product_cat-1400abs-lock-x-sr-b","10":"product_cat-1395anschlagpunkte","11":"product_cat-1396beton","13":"first","14":"outofstock","15":"taxable","16":"shipping-taxable","17":"purchasable","18":"product-type-simple"},"_links":{"self":[{"href":"https:\/\/shop.abs-absturzsicherung.ch\/fr\/wp-json\/wp\/v2\/product\/2413","targetHints":{"allow":["GET"]}}],"collection":[{"href":"https:\/\/shop.abs-absturzsicherung.ch\/fr\/wp-json\/wp\/v2\/product"}],"about":[{"href":"https:\/\/shop.abs-absturzsicherung.ch\/fr\/wp-json\/wp\/v2\/types\/product"}],"wp:featuredmedia":[{"embeddable":true,"href":"https:\/\/shop.abs-absturzsicherung.ch\/fr\/wp-json\/wp\/v2\/media\/3921"}],"wp:attachment":[{"href":"https:\/\/shop.abs-absturzsicherung.ch\/fr\/wp-json\/wp\/v2\/media?parent=2413"}],"wp:term":[{"taxonomy":"product_brand","embeddable":true,"href":"https:\/\/shop.abs-absturzsicherung.ch\/fr\/wp-json\/wp\/v2\/product_brand?post=2413"},{"taxonomy":"product_cat","embeddable":true,"href":"https:\/\/shop.abs-absturzsicherung.ch\/fr\/wp-json\/wp\/v2\/product_cat?post=2413"},{"taxonomy":"product_tag","embeddable":true,"href":"https:\/\/shop.abs-absturzsicherung.ch\/fr\/wp-json\/wp\/v2\/product_tag?post=2413"}],"curies":[{"name":"wp","href":"https:\/\/api.w.org\/{rel}","templated":true}]}}