{"id":2431,"date":"2025-07-11T14:25:41","date_gmt":"2025-07-11T12:25:41","guid":{"rendered":"https:\/\/shop.abs-absturzsicherung.ch\/produkt\/sy-stop-6\/"},"modified":"2026-04-22T15:10:17","modified_gmt":"2026-04-22T13:10:17","slug":"sy-stop-6","status":"publish","type":"product","link":"https:\/\/shop.abs-absturzsicherung.ch\/fr\/produit\/sy-stop-6\/","title":{"rendered":"SY-STOP-6"},"content":{"rendered":"<div class='html translation-block'>\n<p><span style=\"font-family:Arial;font-size:12px\">ABS Arr\u00eat de c\u00e2ble en acier inoxydable \u00f86mm<\/span><\/p>\n<\/p>\n<\/div>","protected":false},"excerpt":{"rendered":"<p>Arr\u00eat de c\u00e2ble en acier inoxydable ABS \u00f86mm<\/p>","protected":false},"featured_media":3231,"template":"","meta":[],"product_brand":[],"product_cat":[1395,1394,1410,1393,1514,1409,1397],"product_tag":[],"class_list":{"0":"post-2431","1":"product","2":"type-product","3":"status-publish","4":"has-post-thumbnail","6":"product_cat-1394abs","7":"product_cat-1393abs-absturzsicherungen-ag","8":"product_cat-1409abs-seilsystem-6mm","9":"product_cat-0abs-shop","10":"product_cat-1410seilkomponenten","11":"product_cat-1397seilsicherung","12":"product_cat-1395sicherungssysteme","14":"first","15":"instock","16":"taxable","17":"shipping-taxable","18":"purchasable","19":"product-type-simple"},"_links":{"self":[{"href":"https:\/\/shop.abs-absturzsicherung.ch\/fr\/wp-json\/wp\/v2\/product\/2431","targetHints":{"allow":["GET"]}}],"collection":[{"href":"https:\/\/shop.abs-absturzsicherung.ch\/fr\/wp-json\/wp\/v2\/product"}],"about":[{"href":"https:\/\/shop.abs-absturzsicherung.ch\/fr\/wp-json\/wp\/v2\/types\/product"}],"wp:featuredmedia":[{"embeddable":true,"href":"https:\/\/shop.abs-absturzsicherung.ch\/fr\/wp-json\/wp\/v2\/media\/3231"}],"wp:attachment":[{"href":"https:\/\/shop.abs-absturzsicherung.ch\/fr\/wp-json\/wp\/v2\/media?parent=2431"}],"wp:term":[{"taxonomy":"product_brand","embeddable":true,"href":"https:\/\/shop.abs-absturzsicherung.ch\/fr\/wp-json\/wp\/v2\/product_brand?post=2431"},{"taxonomy":"product_cat","embeddable":true,"href":"https:\/\/shop.abs-absturzsicherung.ch\/fr\/wp-json\/wp\/v2\/product_cat?post=2431"},{"taxonomy":"product_tag","embeddable":true,"href":"https:\/\/shop.abs-absturzsicherung.ch\/fr\/wp-json\/wp\/v2\/product_tag?post=2431"}],"curies":[{"name":"wp","href":"https:\/\/api.w.org\/{rel}","templated":true}]}}