{"id":2467,"date":"2025-07-11T14:32:10","date_gmt":"2025-07-11T12:32:10","guid":{"rendered":"https:\/\/shop.abs-absturzsicherung.ch\/produkt\/sg2-guard-g-b-46\/"},"modified":"2026-04-09T09:20:16","modified_gmt":"2026-04-09T07:20:16","slug":"sg2-guard-g-b-46","status":"publish","type":"product","link":"https:\/\/shop.abs-absturzsicherung.ch\/fr\/produit\/sg2-guard-g-b-46\/","title":{"rendered":"SG2-GUARD-G-B-4,6"},"content":{"rendered":"<div class='html translation-block'>\n<p><span style=\"font-family:Arial;font-size:12px\">Rampe de protection en aluminium et<br \/>acier inoxydable avec surcharge (poids de b\u00e9ton),<br \/>contr\u00f4l\u00e9e selon la norme EN 13374-A:2013. Pour<br \/>toitures plates jusqu'\u00e0 10\u00b0 d'inclinaison. Hauteur<br \/>de la main courante : 1100mm. Y compris mat\u00e9riel de fixation<br \/> avec 2 poteaux et 4 poids. <br \/>Kit complet comprenant 4,6m.<\/span><\/p>\n<p><span style=\"font-family:Arial;font-size:12px\">Sans coins, sans \u00e9triers d'extr\u00e9mit\u00e9.<br \/><\/span><\/p>\n<p><span style=\"font-weight:bold;font-family:Arial;font-size:12px\">Toutes les pi\u00e8ces m\u00e9talliques dans un carton.<\/span><\/p>\n<p><span style=\"font-weight:bold;font-family:Arial;font-size:12px\">Les poids sont emball\u00e9s s\u00e9par\u00e9ment.<\/span><\/p>\n<\/p>\n<\/div>","protected":false},"excerpt":{"rendered":"<p>ABS Guard OnTop Weight-B Set<\/p>","protected":false},"featured_media":3896,"template":"","meta":[],"product_brand":[],"product_cat":[1395,1394,1393,1398,1419],"product_tag":[],"class_list":{"0":"post-2467","1":"product","2":"type-product","3":"status-publish","4":"has-post-thumbnail","6":"product_cat-1394abs","7":"product_cat-1393abs-absturzsicherungen-ag","8":"product_cat-0abs-shop","9":"product_cat-1395gelndersysteme","10":"product_cat-1398weight","12":"first","13":"instock","14":"taxable","15":"shipping-taxable","16":"purchasable","17":"product-type-simple"},"_links":{"self":[{"href":"https:\/\/shop.abs-absturzsicherung.ch\/fr\/wp-json\/wp\/v2\/product\/2467","targetHints":{"allow":["GET"]}}],"collection":[{"href":"https:\/\/shop.abs-absturzsicherung.ch\/fr\/wp-json\/wp\/v2\/product"}],"about":[{"href":"https:\/\/shop.abs-absturzsicherung.ch\/fr\/wp-json\/wp\/v2\/types\/product"}],"wp:featuredmedia":[{"embeddable":true,"href":"https:\/\/shop.abs-absturzsicherung.ch\/fr\/wp-json\/wp\/v2\/media\/3896"}],"wp:attachment":[{"href":"https:\/\/shop.abs-absturzsicherung.ch\/fr\/wp-json\/wp\/v2\/media?parent=2467"}],"wp:term":[{"taxonomy":"product_brand","embeddable":true,"href":"https:\/\/shop.abs-absturzsicherung.ch\/fr\/wp-json\/wp\/v2\/product_brand?post=2467"},{"taxonomy":"product_cat","embeddable":true,"href":"https:\/\/shop.abs-absturzsicherung.ch\/fr\/wp-json\/wp\/v2\/product_cat?post=2467"},{"taxonomy":"product_tag","embeddable":true,"href":"https:\/\/shop.abs-absturzsicherung.ch\/fr\/wp-json\/wp\/v2\/product_tag?post=2467"}],"curies":[{"name":"wp","href":"https:\/\/api.w.org\/{rel}","templated":true}]}}