{"id":2468,"date":"2025-07-11T14:32:13","date_gmt":"2025-07-11T12:32:13","guid":{"rendered":"https:\/\/shop.abs-absturzsicherung.ch\/produkt\/sy-seil-6-35-gk\/"},"modified":"2026-04-24T13:30:32","modified_gmt":"2026-04-24T11:30:32","slug":"sy-seil-6-35-gk","status":"publish","type":"product","link":"https:\/\/shop.abs-absturzsicherung.ch\/fr\/produit\/sy-seil-6-35-gk\/","title":{"rendered":"SY-SEIL-6-35-GK"},"content":{"rendered":"<div class='html translation-block'>\n<p><span style=\"font-family:Arial;font-size:12px\">C\u00e2ble en acier inoxydable sp\u00e9cial \u00f86mm pour<br \/>syst\u00e8mes d'assurage \u00e0 c\u00e2ble ABS-Lock III+IV,<br \/>contr\u00f4l\u00e9 selon EN 795:2012. <br \/>Longueur : 35,00m.<\/span><\/p>\n<\/p>\n<\/div>","protected":false},"excerpt":{"rendered":"<p>SY-SEIL-6-45-GK<\/p>","protected":false},"featured_media":4012,"template":"","meta":[],"product_brand":[],"product_cat":[1395,1394,1410,1393,1512,1409,1397],"product_tag":[],"class_list":{"0":"post-2468","1":"product","2":"type-product","3":"status-publish","4":"has-post-thumbnail","6":"product_cat-1394abs","7":"product_cat-1393abs-absturzsicherungen-ag","8":"product_cat-1409abs-seilsystem-6mm","9":"product_cat-0abs-shop","10":"product_cat-1410seile-mit-gabelkopf-5-80-m","11":"product_cat-1397seilsicherung","12":"product_cat-1395sicherungssysteme","14":"first","15":"instock","16":"taxable","17":"shipping-taxable","18":"purchasable","19":"product-type-simple"},"_links":{"self":[{"href":"https:\/\/shop.abs-absturzsicherung.ch\/fr\/wp-json\/wp\/v2\/product\/2468","targetHints":{"allow":["GET"]}}],"collection":[{"href":"https:\/\/shop.abs-absturzsicherung.ch\/fr\/wp-json\/wp\/v2\/product"}],"about":[{"href":"https:\/\/shop.abs-absturzsicherung.ch\/fr\/wp-json\/wp\/v2\/types\/product"}],"wp:featuredmedia":[{"embeddable":true,"href":"https:\/\/shop.abs-absturzsicherung.ch\/fr\/wp-json\/wp\/v2\/media\/4012"}],"wp:attachment":[{"href":"https:\/\/shop.abs-absturzsicherung.ch\/fr\/wp-json\/wp\/v2\/media?parent=2468"}],"wp:term":[{"taxonomy":"product_brand","embeddable":true,"href":"https:\/\/shop.abs-absturzsicherung.ch\/fr\/wp-json\/wp\/v2\/product_brand?post=2468"},{"taxonomy":"product_cat","embeddable":true,"href":"https:\/\/shop.abs-absturzsicherung.ch\/fr\/wp-json\/wp\/v2\/product_cat?post=2468"},{"taxonomy":"product_tag","embeddable":true,"href":"https:\/\/shop.abs-absturzsicherung.ch\/fr\/wp-json\/wp\/v2\/product_tag?post=2468"}],"curies":[{"name":"wp","href":"https:\/\/api.w.org\/{rel}","templated":true}]}}