{"id":2470,"date":"2025-07-11T14:32:14","date_gmt":"2025-07-11T12:32:14","guid":{"rendered":"https:\/\/shop.abs-absturzsicherung.ch\/produkt\/sy-splint\/"},"modified":"2026-04-20T11:40:24","modified_gmt":"2026-04-20T09:40:24","slug":"sy-splint","status":"publish","type":"product","link":"https:\/\/shop.abs-absturzsicherung.ch\/fr\/produit\/sy-splint\/","title":{"rendered":"SY-SPLINT"},"content":{"rendered":"<div class='html translation-block'>\n<p><span style=\"font-family:Arial;font-size:12px\">Ringsplint \u00d81,5 x 20<\/span><\/p>\n<p><span style=\"font-family:Arial;font-size:12px\">pour boulon de fourche<\/span><\/p>\n<\/p>\n<\/div>","protected":false},"excerpt":{"rendered":"<p>Pour \u00e9l\u00e9ment de tension (c\u00e2ble de 6mm &amp; 8mm)<\/p>","protected":false},"featured_media":0,"template":"","meta":[],"product_brand":[],"product_cat":[1395,1394,1413,1393,1409,1397],"product_tag":[],"class_list":{"0":"post-2470","1":"product","2":"type-product","3":"status-publish","5":"product_cat-1394abs","6":"product_cat-1393abs-absturzsicherungen-ag","7":"product_cat-1409abs-seilsystem-ersatzteile","8":"product_cat-0abs-shop","9":"product_cat-1397seilsicherung","10":"product_cat-1395sicherungssysteme","12":"first","13":"instock","14":"taxable","15":"shipping-taxable","16":"purchasable","17":"product-type-simple"},"_links":{"self":[{"href":"https:\/\/shop.abs-absturzsicherung.ch\/fr\/wp-json\/wp\/v2\/product\/2470","targetHints":{"allow":["GET"]}}],"collection":[{"href":"https:\/\/shop.abs-absturzsicherung.ch\/fr\/wp-json\/wp\/v2\/product"}],"about":[{"href":"https:\/\/shop.abs-absturzsicherung.ch\/fr\/wp-json\/wp\/v2\/types\/product"}],"wp:attachment":[{"href":"https:\/\/shop.abs-absturzsicherung.ch\/fr\/wp-json\/wp\/v2\/media?parent=2470"}],"wp:term":[{"taxonomy":"product_brand","embeddable":true,"href":"https:\/\/shop.abs-absturzsicherung.ch\/fr\/wp-json\/wp\/v2\/product_brand?post=2470"},{"taxonomy":"product_cat","embeddable":true,"href":"https:\/\/shop.abs-absturzsicherung.ch\/fr\/wp-json\/wp\/v2\/product_cat?post=2470"},{"taxonomy":"product_tag","embeddable":true,"href":"https:\/\/shop.abs-absturzsicherung.ch\/fr\/wp-json\/wp\/v2\/product_tag?post=2470"}],"curies":[{"name":"wp","href":"https:\/\/api.w.org\/{rel}","templated":true}]}}