{"id":2489,"date":"2025-07-11T14:32:57","date_gmt":"2025-07-11T12:32:57","guid":{"rendered":"https:\/\/shop.abs-absturzsicherung.ch\/produkt\/sdg-guard-12\/"},"modified":"2026-04-17T15:40:19","modified_gmt":"2026-04-17T13:40:19","slug":"sdg-guard-12","status":"publish","type":"product","link":"https:\/\/shop.abs-absturzsicherung.ch\/fr\/produit\/sdg-guard-12\/","title":{"rendered":"SDG-GUARD-12"},"content":{"rendered":"<div class='html translation-block'>\n<p><span style=\"font-family:Arial;font-size:12px\">Barri\u00e8re-garde-corps pour toit en pente<\/span><\/p>\n<p><span style=\"font-family:Arial;font-size:12px\">Barri\u00e8re-garde-corps temporaire, test\u00e9 selon EN 13374!<\/span><\/p>\n<p><span style=\"font-family:Arial;font-size:12px\">En aluminium de haute qualit\u00e9 pour les barri\u00e8res inclin\u00e9es et<\/span><\/p>\n<p><span style=\"font-family:Arial;font-size:12px\">Toitures plates.<\/span><\/p>\n<p><span style=\"font-family:Arial;font-size:12px\">Accrochage dans la goutti\u00e8re.<\/span><\/p>\n<p><span style=\"font-family:Arial;font-size:12px\">Longueur du set : 12 m.<\/span><\/p>\n<p><span style=\"font-family:Arial;font-size:12px\">D\u00e9rivation des efforts par les poteaux de fa\u00e7ade.<\/span><\/p>\n<p><span style=\"font-family:Arial;font-size:12px\">Comprend le mat\u00e9riel de fixation.<\/span><\/p>\n<\/p>\n<\/div>","protected":false},"excerpt":{"rendered":"<p>Mobile Guard Pro Goutti\u00e8re<\/p>","protected":false},"featured_media":3898,"template":"","meta":[],"product_brand":[],"product_cat":[1395,1394,1421,1393,1398],"product_tag":[],"class_list":{"0":"post-2489","1":"product","2":"type-product","3":"status-publish","4":"has-post-thumbnail","6":"product_cat-1394abs","7":"product_cat-1393abs-absturzsicherungen-ag","8":"product_cat-1398abs-mobil-guard-pro-traufe","9":"product_cat-0abs-shop","10":"product_cat-1395gelndersysteme","12":"first","13":"onbackorder","14":"taxable","15":"shipping-taxable","16":"purchasable","17":"product-type-simple"},"_links":{"self":[{"href":"https:\/\/shop.abs-absturzsicherung.ch\/fr\/wp-json\/wp\/v2\/product\/2489","targetHints":{"allow":["GET"]}}],"collection":[{"href":"https:\/\/shop.abs-absturzsicherung.ch\/fr\/wp-json\/wp\/v2\/product"}],"about":[{"href":"https:\/\/shop.abs-absturzsicherung.ch\/fr\/wp-json\/wp\/v2\/types\/product"}],"wp:featuredmedia":[{"embeddable":true,"href":"https:\/\/shop.abs-absturzsicherung.ch\/fr\/wp-json\/wp\/v2\/media\/3898"}],"wp:attachment":[{"href":"https:\/\/shop.abs-absturzsicherung.ch\/fr\/wp-json\/wp\/v2\/media?parent=2489"}],"wp:term":[{"taxonomy":"product_brand","embeddable":true,"href":"https:\/\/shop.abs-absturzsicherung.ch\/fr\/wp-json\/wp\/v2\/product_brand?post=2489"},{"taxonomy":"product_cat","embeddable":true,"href":"https:\/\/shop.abs-absturzsicherung.ch\/fr\/wp-json\/wp\/v2\/product_cat?post=2489"},{"taxonomy":"product_tag","embeddable":true,"href":"https:\/\/shop.abs-absturzsicherung.ch\/fr\/wp-json\/wp\/v2\/product_tag?post=2489"}],"curies":[{"name":"wp","href":"https:\/\/api.w.org\/{rel}","templated":true}]}}