{"id":2493,"date":"2025-07-11T14:33:15","date_gmt":"2025-07-11T12:33:15","guid":{"rendered":"https:\/\/shop.abs-absturzsicherung.ch\/produkt\/sdg-gitter\/"},"modified":"2026-04-17T15:40:17","modified_gmt":"2026-04-17T13:40:17","slug":"sdg-gitter","status":"publish","type":"product","link":"https:\/\/shop.abs-absturzsicherung.ch\/fr\/produit\/sdg-gitter\/","title":{"rendered":"SDG-GITTER"},"content":{"rendered":"<div class='html translation-block'>\n<p><span style=\"font-family:ArialArial;font-size:12px\">Pi\u00e8ce d\u00e9tach\u00e9e <\/span><span style=\"font-size:12px\">- <\/span><span style=\"font-family:ArialArial;font-size:12px\">Grille<\/span><\/p>\n<p><span style=\"font-family:ArialArial;font-size:12px\">Grille pour garde-corps ABS pour toit en pente<\/span><\/p>\n<p><span style=\"font-family:ArialArial;font-size:12px\">Dimensions : 112 x 240 cm.<\/span><\/p>\n<\/p>\n<\/div>","protected":false},"excerpt":{"rendered":"<p>ABS Mobile Guard - SDG-GITTER<\/p>","protected":false},"featured_media":3245,"template":"","meta":[],"product_brand":[],"product_cat":[1395,1394,1421,1393,1398],"product_tag":[],"class_list":{"0":"post-2493","1":"product","2":"type-product","3":"status-publish","4":"has-post-thumbnail","6":"product_cat-1394abs","7":"product_cat-1393abs-absturzsicherungen-ag","8":"product_cat-1398abs-mobil-guard-pro-traufe","9":"product_cat-0abs-shop","10":"product_cat-1395gelndersysteme","12":"first","13":"onbackorder","14":"taxable","15":"shipping-taxable","16":"purchasable","17":"product-type-simple"},"_links":{"self":[{"href":"https:\/\/shop.abs-absturzsicherung.ch\/fr\/wp-json\/wp\/v2\/product\/2493","targetHints":{"allow":["GET"]}}],"collection":[{"href":"https:\/\/shop.abs-absturzsicherung.ch\/fr\/wp-json\/wp\/v2\/product"}],"about":[{"href":"https:\/\/shop.abs-absturzsicherung.ch\/fr\/wp-json\/wp\/v2\/types\/product"}],"wp:featuredmedia":[{"embeddable":true,"href":"https:\/\/shop.abs-absturzsicherung.ch\/fr\/wp-json\/wp\/v2\/media\/3245"}],"wp:attachment":[{"href":"https:\/\/shop.abs-absturzsicherung.ch\/fr\/wp-json\/wp\/v2\/media?parent=2493"}],"wp:term":[{"taxonomy":"product_brand","embeddable":true,"href":"https:\/\/shop.abs-absturzsicherung.ch\/fr\/wp-json\/wp\/v2\/product_brand?post=2493"},{"taxonomy":"product_cat","embeddable":true,"href":"https:\/\/shop.abs-absturzsicherung.ch\/fr\/wp-json\/wp\/v2\/product_cat?post=2493"},{"taxonomy":"product_tag","embeddable":true,"href":"https:\/\/shop.abs-absturzsicherung.ch\/fr\/wp-json\/wp\/v2\/product_tag?post=2493"}],"curies":[{"name":"wp","href":"https:\/\/api.w.org\/{rel}","templated":true}]}}