{"id":2509,"date":"2025-07-11T14:34:22","date_gmt":"2025-07-11T12:34:22","guid":{"rendered":"https:\/\/shop.abs-absturzsicherung.ch\/produkt\/zu-1000a-420-abs\/"},"modified":"2026-04-23T15:00:15","modified_gmt":"2026-04-23T13:00:15","slug":"zu-1000a-420-abs","status":"publish","type":"product","link":"https:\/\/shop.abs-absturzsicherung.ch\/fr\/produit\/zu-1000a-420-abs\/","title":{"rendered":"ZU-1000A-420-ABS"},"content":{"rendered":"<div class='html translation-block'>\n<p><span style=\"font-family:Arial;font-size:12px\">Mortier de liaison ABS UM-H<\/span><\/p>\n<p><span style=\"font-family:Arial;font-size:12px\">Mortier \u00e0 deux composants pour b\u00e9ton et ma\u00e7onnerie<br \/>y compris les buses de m\u00e9lange. <br \/>Pour pistolet \u00e0 injection WIT (ZU-1003-H).<br \/>Cartouche de 420ml pour environ 12<br \/>collages.<\/span><\/p>\n<p><span style=\"font-family:Arial;font-size:12px\">Prix net, sans remise<\/span><\/p>\n<\/p>\n<\/div>","protected":false},"excerpt":{"rendered":"<p>Mortier composite ABS UM-H<\/p>","protected":false},"featured_media":3258,"template":"","meta":[],"product_brand":[],"product_cat":[1395,1394,1393,1396,1408,1507],"product_tag":[],"class_list":{"0":"post-2509","1":"product","2":"type-product","3":"status-publish","4":"has-post-thumbnail","6":"product_cat-1394abs","7":"product_cat-1393abs-absturzsicherungen-ag","8":"product_cat-0abs-shop","9":"product_cat-1395anschlagpunkte","10":"product_cat-1396anschlagpunkte-zubehr","11":"product_cat-1408montagehilfe","13":"first","14":"instock","15":"taxable","16":"shipping-taxable","17":"purchasable","18":"product-type-simple"},"_links":{"self":[{"href":"https:\/\/shop.abs-absturzsicherung.ch\/fr\/wp-json\/wp\/v2\/product\/2509","targetHints":{"allow":["GET"]}}],"collection":[{"href":"https:\/\/shop.abs-absturzsicherung.ch\/fr\/wp-json\/wp\/v2\/product"}],"about":[{"href":"https:\/\/shop.abs-absturzsicherung.ch\/fr\/wp-json\/wp\/v2\/types\/product"}],"wp:featuredmedia":[{"embeddable":true,"href":"https:\/\/shop.abs-absturzsicherung.ch\/fr\/wp-json\/wp\/v2\/media\/3258"}],"wp:attachment":[{"href":"https:\/\/shop.abs-absturzsicherung.ch\/fr\/wp-json\/wp\/v2\/media?parent=2509"}],"wp:term":[{"taxonomy":"product_brand","embeddable":true,"href":"https:\/\/shop.abs-absturzsicherung.ch\/fr\/wp-json\/wp\/v2\/product_brand?post=2509"},{"taxonomy":"product_cat","embeddable":true,"href":"https:\/\/shop.abs-absturzsicherung.ch\/fr\/wp-json\/wp\/v2\/product_cat?post=2509"},{"taxonomy":"product_tag","embeddable":true,"href":"https:\/\/shop.abs-absturzsicherung.ch\/fr\/wp-json\/wp\/v2\/product_tag?post=2509"}],"curies":[{"name":"wp","href":"https:\/\/api.w.org\/{rel}","templated":true}]}}