{"id":2537,"date":"2025-07-11T14:47:30","date_gmt":"2025-07-11T12:47:30","guid":{"rendered":"https:\/\/shop.abs-absturzsicherung.ch\/produkt\/ps-vb-sk-3\/"},"modified":"2026-04-17T15:30:24","modified_gmt":"2026-04-17T13:30:24","slug":"ps-vb-sk-3","status":"publish","type":"product","link":"https:\/\/shop.abs-absturzsicherung.ch\/fr\/produit\/ps-vb-sk-3\/","title":{"rendered":"PS-VB-SK-3"},"content":{"rendered":"<div class='html translation-block'>\n<p><span style=\"font-family:Arial;font-size:12px;color:#000000\">Dispositif de s\u00e9curit\u00e9 ABS SK<\/span><\/p>\n<p><span style=\"font-family:Arial;font-size:12px;color:#000000\">Longueur du syst\u00e8me 3 m<\/span><\/p>\n<p><span style=\"font-family:Arial;font-size:12px;color:#000000\">Selon EN 353-2, EN 358,<\/span><\/p>\n<p><span style=\"font-family:Arial;font-size:12px;color:#000000\">Antichute mobile avec sangle-<\/span><\/p>\n<p><span style=\"font-family:Arial;font-size:12px;color:#000000\">amortisseur et mousqueton, mont\u00e9s de mani\u00e8re indissociable <\/span><\/p>\n<p><span style=\"font-family:Arial;font-size:12px;color:#000000\">sur corde \u00e0 noyau de \u00f8 12 mm de bordure<\/span><\/p>\n<p><span style=\"font-family:Arial;font-size:12px;color:#000000\">contr\u00f4l\u00e9, crochet de s\u00e9curit\u00e9 d'un c\u00f4t\u00e9, <\/span><\/p>\n<p><span style=\"font-family:Arial;font-size:12px;color:#000000\">N\u0153ud d'extr\u00e9mit\u00e9 sur l'autre c\u00f4t\u00e9<\/span><\/p>\n<\/p>\n<\/div>","protected":false},"excerpt":{"rendered":"<p>Dispositif d'assurage ABS SK<\/p>","protected":false},"featured_media":3001,"template":"","meta":[],"product_brand":[],"product_cat":[1395,1394,1393,1431,1399],"product_tag":[],"class_list":{"0":"post-2537","1":"product","2":"type-product","3":"status-publish","4":"has-post-thumbnail","6":"product_cat-1394abs","7":"product_cat-1393abs-absturzsicherungen-ag","8":"product_cat-0abs-shop","9":"product_cat-1399auffang-und-sicherungssysteme","10":"product_cat-1395psaga-abs","12":"first","13":"instock","14":"taxable","15":"shipping-taxable","16":"purchasable","17":"product-type-simple"},"_links":{"self":[{"href":"https:\/\/shop.abs-absturzsicherung.ch\/fr\/wp-json\/wp\/v2\/product\/2537","targetHints":{"allow":["GET"]}}],"collection":[{"href":"https:\/\/shop.abs-absturzsicherung.ch\/fr\/wp-json\/wp\/v2\/product"}],"about":[{"href":"https:\/\/shop.abs-absturzsicherung.ch\/fr\/wp-json\/wp\/v2\/types\/product"}],"wp:featuredmedia":[{"embeddable":true,"href":"https:\/\/shop.abs-absturzsicherung.ch\/fr\/wp-json\/wp\/v2\/media\/3001"}],"wp:attachment":[{"href":"https:\/\/shop.abs-absturzsicherung.ch\/fr\/wp-json\/wp\/v2\/media?parent=2537"}],"wp:term":[{"taxonomy":"product_brand","embeddable":true,"href":"https:\/\/shop.abs-absturzsicherung.ch\/fr\/wp-json\/wp\/v2\/product_brand?post=2537"},{"taxonomy":"product_cat","embeddable":true,"href":"https:\/\/shop.abs-absturzsicherung.ch\/fr\/wp-json\/wp\/v2\/product_cat?post=2537"},{"taxonomy":"product_tag","embeddable":true,"href":"https:\/\/shop.abs-absturzsicherung.ch\/fr\/wp-json\/wp\/v2\/product_tag?post=2537"}],"curies":[{"name":"wp","href":"https:\/\/api.w.org\/{rel}","templated":true}]}}