{"id":2569,"date":"2025-07-11T14:48:31","date_gmt":"2025-07-11T12:48:31","guid":{"rendered":"https:\/\/shop.abs-absturzsicherung.ch\/produkt\/ps-vb-y-elast-1-5\/"},"modified":"2026-04-17T15:40:23","modified_gmt":"2026-04-17T13:40:23","slug":"ps-vb-y-elast-1-5","status":"publish","type":"product","link":"https:\/\/shop.abs-absturzsicherung.ch\/fr\/produit\/ps-vb-y-elast-1-5\/","title":{"rendered":"PS-VB-Y-ELAST-1.5"},"content":{"rendered":"<div class='html translation-block'>\n<p><span style=\"font-family:Arial;font-size:12px;color:#000000\">Liaison en Y avec absorbeur d'\u00e9nergie<\/span><\/p>\n<p><span style=\"font-family:Arial;font-size:12px;color:#000000\">bandes \u00e9lastiques, longueur du syst\u00e8me 1.50 m<\/span><\/p>\n<p><span style=\"font-family:Arial;font-size:12px;color:#000000\">Selon EN 354, EN 355, <\/span><\/p>\n<p><span style=\"font-family:Arial;font-size:12px;color:#000000\">Sangle dont les bords ont \u00e9t\u00e9 test\u00e9s,<\/span><\/p>\n<p><span style=\"font-family:Arial;font-size:12px;color:#000000\">Forme en Y pour le changement de fusible, <\/span><\/p>\n<p><span style=\"font-family:Arial;font-size:12px;color:#000000\">Deux crochets de s\u00e9curit\u00e9 tubulaires sur un c\u00f4t\u00e9, <\/span><\/p>\n<p><span style=\"font-family:Arial;font-size:12px;color:#000000\">des deux c\u00f4t\u00e9s, mousqueton \u00e0 fermeture Twistlock<\/span><\/p>\n<\/p>\n<\/div>","protected":false},"excerpt":{"rendered":"<p>Longe en Y avec absorbeur d'\u00e9nergie<\/p>","protected":false},"featured_media":3049,"template":"","meta":[],"product_brand":[],"product_cat":[1395,1394,1393,1431,1399],"product_tag":[],"class_list":{"0":"post-2569","1":"product","2":"type-product","3":"status-publish","4":"has-post-thumbnail","6":"product_cat-1394abs","7":"product_cat-1393abs-absturzsicherungen-ag","8":"product_cat-0abs-shop","9":"product_cat-1399auffang-und-sicherungssysteme","10":"product_cat-1395psaga-abs","12":"first","13":"instock","14":"taxable","15":"shipping-taxable","16":"purchasable","17":"product-type-simple"},"_links":{"self":[{"href":"https:\/\/shop.abs-absturzsicherung.ch\/fr\/wp-json\/wp\/v2\/product\/2569","targetHints":{"allow":["GET"]}}],"collection":[{"href":"https:\/\/shop.abs-absturzsicherung.ch\/fr\/wp-json\/wp\/v2\/product"}],"about":[{"href":"https:\/\/shop.abs-absturzsicherung.ch\/fr\/wp-json\/wp\/v2\/types\/product"}],"wp:featuredmedia":[{"embeddable":true,"href":"https:\/\/shop.abs-absturzsicherung.ch\/fr\/wp-json\/wp\/v2\/media\/3049"}],"wp:attachment":[{"href":"https:\/\/shop.abs-absturzsicherung.ch\/fr\/wp-json\/wp\/v2\/media?parent=2569"}],"wp:term":[{"taxonomy":"product_brand","embeddable":true,"href":"https:\/\/shop.abs-absturzsicherung.ch\/fr\/wp-json\/wp\/v2\/product_brand?post=2569"},{"taxonomy":"product_cat","embeddable":true,"href":"https:\/\/shop.abs-absturzsicherung.ch\/fr\/wp-json\/wp\/v2\/product_cat?post=2569"},{"taxonomy":"product_tag","embeddable":true,"href":"https:\/\/shop.abs-absturzsicherung.ch\/fr\/wp-json\/wp\/v2\/product_tag?post=2569"}],"curies":[{"name":"wp","href":"https:\/\/api.w.org\/{rel}","templated":true}]}}