{"id":2578,"date":"2025-07-11T14:48:45","date_gmt":"2025-07-11T12:48:45","guid":{"rendered":"https:\/\/shop.abs-absturzsicherung.ch\/produkt\/dh04-va-og-r\/"},"modified":"2026-04-21T16:50:32","modified_gmt":"2026-04-21T14:50:32","slug":"dh04-va-og-r","status":"publish","type":"product","link":"https:\/\/shop.abs-absturzsicherung.ch\/fr\/produit\/dh04-va-og-r\/","title":{"rendered":"DH04-VA-OG-R"},"content":{"rendered":"<div class='html translation-block'>\nCrochet de s\u00e9curit\u00e9 en acier inoxydable coud\u00e9 pour<br \/>le vissage dans les chevrons en bois, test\u00e9<br \/>selon EN 517:2006. Pour max. 1 personne.<br \/>Couleur : Rouge (RAL 3009). Incl.<br \/>mat\u00e9riel de fixation.\n<\/div>","protected":false},"excerpt":{"rendered":"<p>DH04-VA-OG-175<\/p>","protected":false},"featured_media":3054,"template":"","meta":[],"product_brand":[],"product_cat":[1395,1394,1393,1470,1396,1402],"product_tag":[],"class_list":{"0":"post-2578","1":"product","2":"type-product","3":"status-publish","4":"has-post-thumbnail","6":"product_cat-1394abs","7":"product_cat-1393abs-absturzsicherungen-ag","8":"product_cat-0abs-shop","9":"product_cat-1402abs-lock-dh04-og","10":"product_cat-1395anschlagpunkte","11":"product_cat-1396holz","13":"first","14":"instock","15":"taxable","16":"shipping-taxable","17":"purchasable","18":"product-type-simple"},"_links":{"self":[{"href":"https:\/\/shop.abs-absturzsicherung.ch\/fr\/wp-json\/wp\/v2\/product\/2578","targetHints":{"allow":["GET"]}}],"collection":[{"href":"https:\/\/shop.abs-absturzsicherung.ch\/fr\/wp-json\/wp\/v2\/product"}],"about":[{"href":"https:\/\/shop.abs-absturzsicherung.ch\/fr\/wp-json\/wp\/v2\/types\/product"}],"wp:featuredmedia":[{"embeddable":true,"href":"https:\/\/shop.abs-absturzsicherung.ch\/fr\/wp-json\/wp\/v2\/media\/3054"}],"wp:attachment":[{"href":"https:\/\/shop.abs-absturzsicherung.ch\/fr\/wp-json\/wp\/v2\/media?parent=2578"}],"wp:term":[{"taxonomy":"product_brand","embeddable":true,"href":"https:\/\/shop.abs-absturzsicherung.ch\/fr\/wp-json\/wp\/v2\/product_brand?post=2578"},{"taxonomy":"product_cat","embeddable":true,"href":"https:\/\/shop.abs-absturzsicherung.ch\/fr\/wp-json\/wp\/v2\/product_cat?post=2578"},{"taxonomy":"product_tag","embeddable":true,"href":"https:\/\/shop.abs-absturzsicherung.ch\/fr\/wp-json\/wp\/v2\/product_tag?post=2578"}],"curies":[{"name":"wp","href":"https:\/\/api.w.org\/{rel}","templated":true}]}}