{"id":2587,"date":"2025-07-11T14:49:01","date_gmt":"2025-07-11T12:49:01","guid":{"rendered":"https:\/\/shop.abs-absturzsicherung.ch\/produkt\/dh05-r\/"},"modified":"2026-04-16T17:00:21","modified_gmt":"2026-04-16T15:00:21","slug":"dh05-r","status":"publish","type":"product","link":"https:\/\/shop.abs-absturzsicherung.ch\/fr\/produit\/dh05-r\/","title":{"rendered":"DH05-R"},"content":{"rendered":"<div class='html translation-block'>\n<p><span style=\"font-family:Arial;font-size:12px;color:#000000\">Crochet de s\u00e9curit\u00e9 en acier inoxydable \u00e0<br \/>visser dans les chevrons en bois, test\u00e9<br \/>selon EN 517:2006. Pour 1 personne maximum.<br \/>Avec plaque de base pour montage variable.<br \/>Couleur : rouge (RAL 3009). Avec <br \/>mat\u00e9riel de fixation.<\/span><\/p>\n<\/p>\n<\/div>","protected":false},"excerpt":{"rendered":"<p>DH05-175<\/p>","protected":false},"featured_media":3058,"template":"","meta":[],"product_brand":[],"product_cat":[1395,1394,1393,1472,1396,1402],"product_tag":[],"class_list":{"0":"post-2587","1":"product","2":"type-product","3":"status-publish","4":"has-post-thumbnail","6":"product_cat-1394abs","7":"product_cat-1393abs-absturzsicherungen-ag","8":"product_cat-0abs-shop","9":"product_cat-1402abs-lock-dh05","10":"product_cat-1395anschlagpunkte","11":"product_cat-1396holz","13":"first","14":"outofstock","15":"taxable","16":"shipping-taxable","17":"purchasable","18":"product-type-simple"},"_links":{"self":[{"href":"https:\/\/shop.abs-absturzsicherung.ch\/fr\/wp-json\/wp\/v2\/product\/2587","targetHints":{"allow":["GET"]}}],"collection":[{"href":"https:\/\/shop.abs-absturzsicherung.ch\/fr\/wp-json\/wp\/v2\/product"}],"about":[{"href":"https:\/\/shop.abs-absturzsicherung.ch\/fr\/wp-json\/wp\/v2\/types\/product"}],"wp:featuredmedia":[{"embeddable":true,"href":"https:\/\/shop.abs-absturzsicherung.ch\/fr\/wp-json\/wp\/v2\/media\/3058"}],"wp:attachment":[{"href":"https:\/\/shop.abs-absturzsicherung.ch\/fr\/wp-json\/wp\/v2\/media?parent=2587"}],"wp:term":[{"taxonomy":"product_brand","embeddable":true,"href":"https:\/\/shop.abs-absturzsicherung.ch\/fr\/wp-json\/wp\/v2\/product_brand?post=2587"},{"taxonomy":"product_cat","embeddable":true,"href":"https:\/\/shop.abs-absturzsicherung.ch\/fr\/wp-json\/wp\/v2\/product_cat?post=2587"},{"taxonomy":"product_tag","embeddable":true,"href":"https:\/\/shop.abs-absturzsicherung.ch\/fr\/wp-json\/wp\/v2\/product_tag?post=2587"}],"curies":[{"name":"wp","href":"https:\/\/api.w.org\/{rel}","templated":true}]}}