{"id":2596,"date":"2025-07-11T14:49:28","date_gmt":"2025-07-11T12:49:28","guid":{"rendered":"https:\/\/shop.abs-absturzsicherung.ch\/produkt\/ps-fp-set-tasche\/"},"modified":"2026-04-17T15:20:20","modified_gmt":"2026-04-17T13:20:20","slug":"ps-fp-set-tasche","status":"publish","type":"product","link":"https:\/\/shop.abs-absturzsicherung.ch\/fr\/produit\/ps-fp-set-tasche\/","title":{"rendered":"SACOCHE PS-FP-SET"},"content":{"rendered":"<div class='html translation-block'>\n<p><span style=\"font-family:Arial;font-size:12px\">ABS Kit de nettoyage de vitres<\/span><\/p>\n<p><span style=\"font-family:Arial;font-size:12px\">Liaison fixe longueur 2 m<\/span><\/p>\n<p><span style=\"font-family:Arial;font-size:12px;color:#000000\">Comprenant : Harnais de s\u00e9curit\u00e9 ABS Comfort, <\/span><\/p>\n<p><span style=\"font-family:Arial;font-size:12px;color:#000000\">Taille universelle, longe fixe<\/span><\/p>\n<p><span style=\"font-family:Arial;font-size:12px;color:#000000\">avec absorbeur d'\u00e9nergie longueur 2 m, conditionn\u00e9 en <\/span><\/p>\n<p><span style=\"font-family:Arial;font-size:12px;color:#000000\">Sac de rangement en polyester avec<\/span><\/p>\n<p><span style=\"font-family:Arial;font-size:12px;color:#000000\">Fond en PVC r\u00e9sistant, fermeture \u00e9clair et poign\u00e9es<\/span><\/p>\n<\/p>\n<\/div>","protected":false},"excerpt":{"rendered":"<p>Kit de nettoyage ABS pour vitres<\/p>","protected":false},"featured_media":3073,"template":"","meta":[],"product_brand":[],"product_cat":[1395,1394,1393,1435,1399],"product_tag":[],"class_list":{"0":"post-2596","1":"product","2":"type-product","3":"status-publish","4":"has-post-thumbnail","6":"product_cat-1394abs","7":"product_cat-1393abs-absturzsicherungen-ag","8":"product_cat-0abs-shop","9":"product_cat-1399komplett-sets","10":"product_cat-1395psaga-abs","12":"first","13":"onbackorder","14":"taxable","15":"shipping-taxable","16":"purchasable","17":"product-type-simple"},"_links":{"self":[{"href":"https:\/\/shop.abs-absturzsicherung.ch\/fr\/wp-json\/wp\/v2\/product\/2596","targetHints":{"allow":["GET"]}}],"collection":[{"href":"https:\/\/shop.abs-absturzsicherung.ch\/fr\/wp-json\/wp\/v2\/product"}],"about":[{"href":"https:\/\/shop.abs-absturzsicherung.ch\/fr\/wp-json\/wp\/v2\/types\/product"}],"wp:featuredmedia":[{"embeddable":true,"href":"https:\/\/shop.abs-absturzsicherung.ch\/fr\/wp-json\/wp\/v2\/media\/3073"}],"wp:attachment":[{"href":"https:\/\/shop.abs-absturzsicherung.ch\/fr\/wp-json\/wp\/v2\/media?parent=2596"}],"wp:term":[{"taxonomy":"product_brand","embeddable":true,"href":"https:\/\/shop.abs-absturzsicherung.ch\/fr\/wp-json\/wp\/v2\/product_brand?post=2596"},{"taxonomy":"product_cat","embeddable":true,"href":"https:\/\/shop.abs-absturzsicherung.ch\/fr\/wp-json\/wp\/v2\/product_cat?post=2596"},{"taxonomy":"product_tag","embeddable":true,"href":"https:\/\/shop.abs-absturzsicherung.ch\/fr\/wp-json\/wp\/v2\/product_tag?post=2596"}],"curies":[{"name":"wp","href":"https:\/\/api.w.org\/{rel}","templated":true}]}}