{"id":2671,"date":"2025-07-11T14:51:11","date_gmt":"2025-07-11T12:51:11","guid":{"rendered":"https:\/\/shop.abs-absturzsicherung.ch\/produkt\/zu-pvc-24-2\/"},"modified":"2026-04-22T13:40:20","modified_gmt":"2026-04-22T11:40:20","slug":"zu-pvc-24-2","status":"publish","type":"product","link":"https:\/\/shop.abs-absturzsicherung.ch\/fr\/produit\/zu-pvc-24-2\/","title":{"rendered":"ZU-PVC-24-2"},"content":{"rendered":"<div class='html translation-block'>\n<p><span style=\"font-family:Arial;font-size:12px;color:#000000\">Manchette d'\u00e9tanch\u00e9it\u00e9 \u00f824mm pour<br \/>les points d'ancrage sur les toitures en PVC. <br \/>Hauteur 300mm avec encoches de coupe. <br \/>Diam\u00e8tre de la plaque : 220mm. Incl.<br \/>gaine thermor\u00e9tractable.<\/span><\/p>\n<\/p>\n<\/div>","protected":false},"excerpt":{"rendered":"<p>ZU-PP-16-2<\/p>","protected":false},"featured_media":3159,"template":"","meta":[],"product_brand":[],"product_cat":[1501,1395,1394,1393,1396,1408,1504],"product_tag":[],"class_list":{"0":"post-2671","1":"product","2":"type-product","3":"status-publish","4":"has-post-thumbnail","6":"product_cat-1408abdichtmanschetten","7":"product_cat-1394abs","8":"product_cat-1393abs-absturzsicherungen-ag","9":"product_cat-0abs-shop","10":"product_cat-1395anschlagpunkte","11":"product_cat-1396anschlagpunkte-zubehr","12":"product_cat-1501pvc","14":"first","15":"instock","16":"taxable","17":"shipping-taxable","18":"purchasable","19":"product-type-simple"},"_links":{"self":[{"href":"https:\/\/shop.abs-absturzsicherung.ch\/fr\/wp-json\/wp\/v2\/product\/2671","targetHints":{"allow":["GET"]}}],"collection":[{"href":"https:\/\/shop.abs-absturzsicherung.ch\/fr\/wp-json\/wp\/v2\/product"}],"about":[{"href":"https:\/\/shop.abs-absturzsicherung.ch\/fr\/wp-json\/wp\/v2\/types\/product"}],"wp:featuredmedia":[{"embeddable":true,"href":"https:\/\/shop.abs-absturzsicherung.ch\/fr\/wp-json\/wp\/v2\/media\/3159"}],"wp:attachment":[{"href":"https:\/\/shop.abs-absturzsicherung.ch\/fr\/wp-json\/wp\/v2\/media?parent=2671"}],"wp:term":[{"taxonomy":"product_brand","embeddable":true,"href":"https:\/\/shop.abs-absturzsicherung.ch\/fr\/wp-json\/wp\/v2\/product_brand?post=2671"},{"taxonomy":"product_cat","embeddable":true,"href":"https:\/\/shop.abs-absturzsicherung.ch\/fr\/wp-json\/wp\/v2\/product_cat?post=2671"},{"taxonomy":"product_tag","embeddable":true,"href":"https:\/\/shop.abs-absturzsicherung.ch\/fr\/wp-json\/wp\/v2\/product_tag?post=2671"}],"curies":[{"name":"wp","href":"https:\/\/api.w.org\/{rel}","templated":true}]}}