{"id":2680,"date":"2025-07-11T14:51:36","date_gmt":"2025-07-11T12:51:36","guid":{"rendered":"https:\/\/shop.abs-absturzsicherung.ch\/produkt\/montageset-sys\/"},"modified":"2026-04-17T14:20:32","modified_gmt":"2026-04-17T12:20:32","slug":"montageset-sys","status":"publish","type":"product","link":"https:\/\/shop.abs-absturzsicherung.ch\/fr\/produit\/montageset-sys\/","title":{"rendered":"KIT DE MONTAGE-SYS"},"content":{"rendered":"<div class='html translation-block'>\n<p><span style=\"font-family:Arial;font-size:12px\">Sac \u00e0 dos avec kit d'outils pour le<br \/>montage des syst\u00e8mes d'assurage ABS-Lock SYS<br \/> et des<br \/> points d'ancrage. Comprend:<br \/><\/span><span style=\"font-family:Arial;font-size:12px;color:#003333\">1x sac \u00e0 outils <\/span><\/p>\n<p><span style=\"font-family:Arial;font-size:12px;color:#003333\">4x cl\u00e9s mixtes <\/span><\/p>\n<p><span style=\"font-family:Arial;font-size:12px;color:#003333\">5x douilles (13, 17, 19, 21, 24)<\/span><\/p>\n<p><span style=\"font-family:Arial;font-size:12px;color:#003333\">5x outil d'insertion de cl\u00e9 plate (13, 17, 19, 21, 24)<\/span><\/p>\n<p><span style=\"font-family:Arial;font-size:12px;color:#003333\">2x pince de pr\u00e9hension <\/span><\/p>\n<p><span style=\"font-family:Arial;font-size:12px;color:#003333\">2x cl\u00e9s dynamom\u00e9triques <\/span><\/p>\n<p><span style=\"font-family:Arial;font-size:12px;color:#003333\">1x cutter <\/span><\/p>\n<p><span style=\"font-family:Arial;font-size:12px;color:#003333\">1x embout adaptateur <\/span><\/p>\n<p><span style=\"font-family:Arial;font-size:12px;color:#003333\">1x cl\u00e9 \u00e0 douille de force<\/span><\/p>\n<p><span style=\"font-family:Arial;font-size:12px;color:#003333\">1x assortiment de bits m\u00e9lang\u00e9s<\/span><\/p>\n<p><span style=\"font-family:Arial;font-size:12px;color:#003333\">1x cliquet \u00e0 emmanchement <\/span><\/p>\n<p><span style=\"font-family:Arial;font-size:12px;color:#003333\">1x Lock III-BE aide \u00e0 l'enfoncement<\/span><\/p>\n<p><span style=\"font-family:Arial;font-size:12px;color:#003333\">1x Lock III -BE-Pro 24 aide \u00e0 l'enfoncement<\/span><\/p>\n<p><span style=\"font-family:Arial;font-size:12px;color:#003333\">1x Lock X-DURCH aide au montage<\/span><\/p>\n<p><span style=\"font-family:Arial;font-size:12px;color:#003333\">1x ciseaux \u00e0 fil \u00e0 cliquet \u00e0 une main<\/span><\/p>\n<p><span style=\"font-family:Arial;font-size:12px;color:#003333\">1x brosse de nettoyage pour trous de forage jusqu'\u00e0 \u00d810mm<\/span><\/p>\n<p><span style=\"font-family:Arial;font-size:12px;color:#003333\">1x brosse de nettoyage pour trous de forage jusqu'\u00e0 \u00d818mm<\/span><\/p>\n<p><span style=\"font-family:Arial;font-size:12px;color:#003333\">1x brosse de nettoyage pour trous de forage jusqu'\u00e0 \u00d824mm<\/span><\/p>\n<\/p>\n<\/div>","protected":false},"excerpt":{"rendered":"<p>Kit de montage<\/p>","protected":false},"featured_media":3166,"template":"","meta":[],"product_brand":[],"product_cat":[1395,1394,1393,1396,1408,1507],"product_tag":[],"class_list":{"0":"post-2680","1":"product","2":"type-product","3":"status-publish","4":"has-post-thumbnail","6":"product_cat-1394abs","7":"product_cat-1393abs-absturzsicherungen-ag","8":"product_cat-0abs-shop","9":"product_cat-1395anschlagpunkte","10":"product_cat-1396anschlagpunkte-zubehr","11":"product_cat-1408montagehilfe","13":"first","14":"instock","15":"taxable","16":"shipping-taxable","17":"purchasable","18":"product-type-simple"},"_links":{"self":[{"href":"https:\/\/shop.abs-absturzsicherung.ch\/fr\/wp-json\/wp\/v2\/product\/2680","targetHints":{"allow":["GET"]}}],"collection":[{"href":"https:\/\/shop.abs-absturzsicherung.ch\/fr\/wp-json\/wp\/v2\/product"}],"about":[{"href":"https:\/\/shop.abs-absturzsicherung.ch\/fr\/wp-json\/wp\/v2\/types\/product"}],"wp:featuredmedia":[{"embeddable":true,"href":"https:\/\/shop.abs-absturzsicherung.ch\/fr\/wp-json\/wp\/v2\/media\/3166"}],"wp:attachment":[{"href":"https:\/\/shop.abs-absturzsicherung.ch\/fr\/wp-json\/wp\/v2\/media?parent=2680"}],"wp:term":[{"taxonomy":"product_brand","embeddable":true,"href":"https:\/\/shop.abs-absturzsicherung.ch\/fr\/wp-json\/wp\/v2\/product_brand?post=2680"},{"taxonomy":"product_cat","embeddable":true,"href":"https:\/\/shop.abs-absturzsicherung.ch\/fr\/wp-json\/wp\/v2\/product_cat?post=2680"},{"taxonomy":"product_tag","embeddable":true,"href":"https:\/\/shop.abs-absturzsicherung.ch\/fr\/wp-json\/wp\/v2\/product_tag?post=2680"}],"curies":[{"name":"wp","href":"https:\/\/api.w.org\/{rel}","templated":true}]}}